{"id":258,"date":"2015-07-16T12:16:15","date_gmt":"2015-07-16T12:16:15","guid":{"rendered":"https:\/\/kemtia.com\/es\/?page_id=258"},"modified":"2015-10-06T14:50:09","modified_gmt":"2015-10-06T13:50:09","slug":"servicios-soluciones","status":"publish","type":"page","link":"https:\/\/kemtia.com\/es\/servicios-soluciones\/","title":{"rendered":"Servicios &#038; Soluciones"},"content":{"rendered":"\n<style type=\"text\/css\" data-created_by=\"avia_inline_auto\" id=\"style-css-av-av_section-397a64ba47badf0624373e5ff3c7e9b6\">\n.avia-section.av-av_section-397a64ba47badf0624373e5ff3c7e9b6{\nbackground-repeat:no-repeat;\nbackground-image:url(https:\/\/kemtia.com\/wp-content\/uploads\/2015\/07\/banner-5b.jpg);\nbackground-position:50% 0%;\nbackground-attachment:scroll;\n}\n<\/style>\n<div id='av_section_1'  class='avia-section av-av_section-397a64ba47badf0624373e5ff3c7e9b6 main_color avia-section-large avia-no-border-styling  avia-builder-el-0  el_before_av_one_third  avia-builder-el-first  avia-bg-style-scroll av-minimum-height av-minimum-height-50 av-height-50  container_wrap fullsize'  data-section-bg-repeat='no-repeat' data-av_minimum_height_pc='50' data-av_min_height_opt='50'><div class='container av-section-cont-open' ><main  role=\"main\" itemprop=\"mainContentOfPage\"  class='template-page content  av-content-full alpha units'><div class='post-entry post-entry-type-page post-entry-258'><div class='entry-content-wrapper clearfix'>\n<section  class='av_textblock_section av-av_textblock-75615b8b9d66df593b2db71c6a43b129 '   itemscope=\"itemscope\" itemtype=\"https:\/\/schema.org\/CreativeWork\" ><div class='avia_textblock'  itemprop=\"text\" ><h1 style=\"text-align: center;\"><span style=\"font-family: Myriad; color: #333333;\">Creamos colaboraciones s\u00f3lidas y estables con nuestros clientes y distribuidores internacionales<\/span><\/h1>\n<\/div><\/section>\n<\/div><\/div><\/main><!-- close content main element --><\/div><\/div><div id='after_section_1'  class='main_color av_default_container_wrap container_wrap fullsize'  ><div class='container av-section-cont-open' ><div class='template-page content  av-content-full alpha units'><div class='post-entry post-entry-type-page post-entry-258'><div class='entry-content-wrapper clearfix'>\n<div  class='flex_column av-av_one_third-2a9015ff38129c418a3f2eafba3e9512 av_one_third  avia-builder-el-2  el_after_av_section  el_before_av_two_third  avia-builder-el-first  first flex_column_div  '     ><section  class='av_textblock_section av-av_textblock-0366cc7376be6c9e82a3e9cc8987b64f '   itemscope=\"itemscope\" itemtype=\"https:\/\/schema.org\/CreativeWork\" ><div class='avia_textblock'  itemprop=\"text\" ><div style=\"height: 14px;\"><\/div>\n<div id=\"grad\"><\/div>\n<p style=\"text-align: right;\"><span class=\"mpbold\">SERVICIOS &amp; SOLUCIONES<\/span><\/p>\n<p class=\"subtitle\" style=\"text-align: right;\">Creamos colaboraciones s\u00f3lidas y estables con nuestros clientes<\/p>\n<div id=\"grad\"><\/div>\n<\/div><\/section><br \/>\n<section  class='av_textblock_section av-av_textblock-0366cc7376be6c9e82a3e9cc8987b64f '   itemscope=\"itemscope\" itemtype=\"https:\/\/schema.org\/CreativeWork\" ><div class='avia_textblock'  itemprop=\"text\" ><div style=\"margin-top: 40px;\">\n<p style=\"text-align: right;\"><span style=\"font-size: 12pt; font-family: 'Myriad Pro Light';\">Somos fabricantes de premezclas funcionales y producto acabado en polvo para los mercados de alimentaci\u00f3n y bebidas, as\u00ed como para la industria de productos OTC. Nuestras f\u00f3rmulas incluyen ingredientes funcionales, adem\u00e1s de aromas, edulcorantes, colorantes, agentes de textura, estabilizantes o conservantes, entre otros.<\/span><\/p>\n<\/div>\n<\/div><\/section><\/p><\/div>\n\n<style type=\"text\/css\" data-created_by=\"avia_inline_auto\" id=\"style-css-av-av_two_third-2a64de42b738552fe666ca889af77e28\">\n.flex_column.av-av_two_third-2a64de42b738552fe666ca889af77e28{\nborder-radius:0px 0px 0px 0px;\npadding:0px 0px 0px 0px;\n}\n<\/style>\n<div  class='flex_column av-av_two_third-2a64de42b738552fe666ca889af77e28 av_two_third  avia-builder-el-5  el_after_av_one_third  el_before_av_section  avia-builder-el-last  flex_column_div av-zero-column-padding  '     ><section  class='av_textblock_section av-av_textblock-75615b8b9d66df593b2db71c6a43b129 '   itemscope=\"itemscope\" itemtype=\"https:\/\/schema.org\/CreativeWork\" ><div class='avia_textblock'  itemprop=\"text\" ><div style=\"margin-top: 12px;\">\n<h2 style=\"margin-bottom: 38px; font-size: 23px; font-family: Myriad; text-transform: uppercase;\">Asistimos y asesoramos a nuestros clientes en su proceso de desarrollo de producto, ofrecemos nuevos conceptos e ideas, y les ayudamos a optimizar sus productos.<\/h2>\n<p><span style=\"color: #c0d127; font-size: 8pt;\">\u25ba <\/span><span style=\"font-weight: bold;\">Formulaci\u00f3n y fabricaci\u00f3n de producto acabado<\/span>en polvo, incluyendo aromas, edulcorantes y otros ingredientes<br \/>\n<span style=\"color: #c0d127; font-size: 8pt;\">\u25ba <\/span><span style=\"font-weight: bold;\">F\u00f3rmulas adaptadas al cliente<\/span> y f\u00f3rmulas listas para envasar y comercializar<br \/>\n<span style=\"color: #c0d127; font-size: 8pt;\">\u25ba <\/span><span style=\"font-weight: bold;\">Asesoramiento <\/span>en desarrollo de producto y regulaci\u00f3n alimentaria<br \/>\n<span style=\"color: #c0d127; font-size: 8pt;\">\u25ba <\/span><span style=\"font-weight: bold;\">Prototipado de producto <\/span>en laboratorios propios<br \/>\n<span style=\"color: #c0d127; font-size: 8pt;\">\u25ba <\/span><span style=\"font-weight: bold;\">Mezclado de alta precisi\u00f3n <\/span>y operarios t\u00e9cnicamente cualificados<br \/>\n<span style=\"color: #c0d127; font-size: 8pt;\">\u25ba <\/span><span style=\"font-weight: bold;\">Control de Calidad especializado en el an\u00e1lisis de vitaminas <\/span><\/p>\n<\/div>\n<\/div><\/section><\/div>\n<\/div><\/div><\/div><!-- close content main div --><\/div><\/div>\n<style type=\"text\/css\" data-created_by=\"avia_inline_auto\" id=\"style-css-av-av_section-6afcda0f8cadbceaf06b0962efedbcff\">\n.avia-section.av-av_section-6afcda0f8cadbceaf06b0962efedbcff{\nbackground-color:#f4f4f4;\nbackground-image:unset;\n}\n<\/style>\n<div id='av_section_2'  class='avia-section av-av_section-6afcda0f8cadbceaf06b0962efedbcff main_color avia-section-default avia-no-border-styling  avia-builder-el-7  el_after_av_two_third  el_before_av_one_full  avia-bg-style-scroll container_wrap fullsize'  ><div class='container av-section-cont-open' ><div class='template-page content  av-content-full alpha units'><div class='post-entry post-entry-type-page post-entry-258'><div class='entry-content-wrapper clearfix'>\n<div  class='flex_column av-av_one_third-2a9015ff38129c418a3f2eafba3e9512 av_one_third  avia-builder-el-8  el_before_av_one_third  avia-builder-el-first  first flex_column_div  '     ><\/div>\n<style type=\"text\/css\" data-created_by=\"avia_inline_auto\" id=\"style-css-av-av_one_third-2a64de42b738552fe666ca889af77e28\">\n.flex_column.av-av_one_third-2a64de42b738552fe666ca889af77e28{\nborder-radius:0px 0px 0px 0px;\npadding:0px 0px 0px 0px;\n}\n<\/style>\n<div  class='flex_column av-av_one_third-2a64de42b738552fe666ca889af77e28 av_one_third  avia-builder-el-9  el_after_av_one_third  el_before_av_one_third  flex_column_div av-zero-column-padding  '     ><section  class='av_textblock_section av-av_textblock-0366cc7376be6c9e82a3e9cc8987b64f '   itemscope=\"itemscope\" itemtype=\"https:\/\/schema.org\/CreativeWork\" ><div class='avia_textblock'  itemprop=\"text\" ><p class=\"p1\"><span style=\"font-family: 'Myriad Pro Light'; font-size: 24pt; color: #333333;\">Experiencia en formulaci\u00f3n:<\/span><\/p>\n<ul>\n<li><span class=\"services\">F\u00f3rmulas para las industrias de alimentaci\u00f3n y OTC<\/span><\/li>\n<li><span class=\"services\">Asesoramiento en desarrollo y regulaci\u00f3n de producto<\/span><\/li>\n<li><span class=\"services\">Prototipado de productos en laboratorio de aplicaciones propio<\/span><\/li>\n<\/ul>\n<p class=\"p1\"><span style=\"font-family: 'Myriad Pro Light'; font-size: 24pt; color: #333333;\">Experiencia t\u00e9cnica y de producci\u00f3n:<\/span><\/p>\n<ul>\n<li><span class=\"services\">M\u00e1s de 80 a\u00f1os de experiencia en el mercado de alimentos y aditivos farmac\u00e9uticos<\/span><\/li>\n<li><span class=\"services\">Mezcladoras de alta precisi\u00f3n y personal de fabricaci\u00f3n altamente cualificado<\/span><\/li>\n<li><span class=\"services\">Altos est\u00e1ndares de calidad &#8211; m\u00e1s de 25 auditor\u00edas por a\u00f1o<\/span><\/li>\n<li><span class=\"services\">Laboratorio propio de an\u00e1lisis de vitaminas<\/span><\/li>\n<\/ul>\n<p class=\"p1\"><span style=\"font-family: 'Myriad Pro Light'; font-size: 24pt; color: #333333;\">Operaciones y log\u00edstica globales:<\/span><\/p>\n<ul>\n<li><span class=\"services\">Servicio log\u00edstico flexible<\/span><\/li>\n<li><span class=\"services\">Abastecimiento global de alta calidad y estricta selecci\u00f3n de proveedores<\/span><\/li>\n<li><span class=\"services\">Tiempo de entrega internacional m\u00ednima<\/span><\/li>\n<li><span class=\"services\">Lotes adaptados a los requisitos del cliente<\/span><\/li>\n<\/ul>\n<\/div><\/section><\/div>\n<style type=\"text\/css\" data-created_by=\"avia_inline_auto\" id=\"style-css-av-av_one_third-2a64de42b738552fe666ca889af77e28\">\n.flex_column.av-av_one_third-2a64de42b738552fe666ca889af77e28{\nborder-radius:0px 0px 0px 0px;\npadding:0px 0px 0px 0px;\n}\n<\/style>\n<div  class='flex_column av-av_one_third-2a64de42b738552fe666ca889af77e28 av_one_third  avia-builder-el-11  el_after_av_one_third  avia-builder-el-last  flex_column_div av-zero-column-padding  '     ><section  class='av_textblock_section av-av_textblock-0366cc7376be6c9e82a3e9cc8987b64f '   itemscope=\"itemscope\" itemtype=\"https:\/\/schema.org\/CreativeWork\" ><div class='avia_textblock'  itemprop=\"text\" ><p class=\"p1\"><span style=\"font-family: 'Myriad Pro Light'; font-size: 24pt; color: #333333;\">Soluciones para la reducci\u00f3n de costes:<\/span><\/p>\n<p>La utilizaci\u00f3n de de nuestras mezclas tiene muchas ventajas sobre el uso de ingredientes separados:<\/p>\n<ul>\n<li><span class=\"services\">Simplificaci\u00f3n y reducci\u00f3n de gastos operativos a trav\u00e9s de:<\/span><\/li>\n<\/ul>\n<p style=\"padding-left: 30px;\"><em> <span class=\"services\"> <span style=\"color: #99cc00;\">&#8211;<\/span> Menos costes de aprovisionamiento y almacenamiento<\/span><\/em><\/p>\n<p style=\"padding-left: 30px;\"><em><span class=\"services\"><span style=\"color: #99cc00;\">&#8211;<\/span> Menos costes de fabricaci\u00f3n<\/span><\/em><\/p>\n<p style=\"padding-left: 30px;\"><em><span class=\"services\"><span style=\"color: #99cc00;\">&#8211;<\/span> Menos costes debidos a errores de mezcla<\/span><\/em><\/p>\n<p style=\"padding-left: 30px;\"><em><span class=\"services\"><span style=\"color: #99cc00;\">&#8211;<\/span> Menos costes relacionados con el aseguramiento de la calidad y an\u00e1lisis<\/span><\/em><\/p>\n<ul>\n<li><span class=\"services\">Personal t\u00e9cnico experimentado: asesoramiento en formulaci\u00f3n y desarrollo de producto<\/span><\/li>\n<li><span class=\"services\">Menos manipulaci\u00f3n de ingredientes individuales, costosos y\/o en peque\u00f1as cantidades<\/span><\/li>\n<li><span class=\"services\">R\u00e1pida disponibilidad de nuestras mezcladoras<\/span><\/li>\n<li><span class=\"services\">Mezclas adaptadas a productos y necesidades de mercado espec\u00edficos<\/span><\/li>\n<li><span class=\"services\">Formulaci\u00f3n de producto acabado en polvo, incluyendo aromas, edulcorantes, extractos de plantas y otros compuestos<\/span><\/li>\n<\/ul>\n<\/div><\/section><\/div><\/div><\/div><\/div><!-- close content main div --><\/div><\/div><div id='after_section_2'  class='main_color av_default_container_wrap container_wrap fullsize'  ><div class='container av-section-cont-open' ><div class='template-page content  av-content-full alpha units'><div class='post-entry post-entry-type-page post-entry-258'><div class='entry-content-wrapper clearfix'><div  class='flex_column av-av_one_full-2a9015ff38129c418a3f2eafba3e9512 av_one_full  avia-builder-el-13  el_after_av_section  avia-builder-el-no-sibling  first flex_column_div  '     ><\/div><\/p>\n","protected":false},"excerpt":{"rendered":"","protected":false},"author":1,"featured_media":0,"parent":0,"menu_order":0,"comment_status":"open","ping_status":"open","template":"","meta":{"_acf_changed":false,"footnotes":""},"class_list":["post-258","page","type-page","status-publish","hentry"],"acf":[],"yoast_head":"<!-- This site is optimized with the Yoast SEO plugin v26.9 - https:\/\/yoast.com\/product\/yoast-seo-wordpress\/ -->\n<title>Servicios &amp; Soluciones - Functional Foods Development &amp; Manufacturing | Kemtia<\/title>\n<meta name=\"robots\" content=\"index, follow, max-snippet:-1, max-image-preview:large, max-video-preview:-1\" \/>\n<link rel=\"canonical\" href=\"https:\/\/kemtia.com\/services-solutions\/\" \/>\n<meta property=\"og:locale\" content=\"es_ES\" \/>\n<meta property=\"og:type\" content=\"article\" \/>\n<meta property=\"og:title\" content=\"Servicios &amp; Soluciones - Functional Foods Development &amp; Manufacturing | Kemtia\" \/>\n<meta property=\"og:url\" content=\"https:\/\/kemtia.com\/services-solutions\/\" \/>\n<meta property=\"og:site_name\" content=\"Functional Foods Development &amp; Manufacturing | Kemtia\" \/>\n<meta property=\"article:modified_time\" content=\"2015-10-06T13:50:09+00:00\" \/>\n<meta name=\"twitter:card\" content=\"summary_large_image\" \/>\n<meta name=\"twitter:label1\" content=\"Tiempo de lectura\" \/>\n\t<meta name=\"twitter:data1\" content=\"3 minutos\" \/>\n<script type=\"application\/ld+json\" class=\"yoast-schema-graph\">{\"@context\":\"https:\/\/schema.org\",\"@graph\":[{\"@type\":\"WebPage\",\"@id\":\"https:\/\/kemtia.com\/services-solutions\/\",\"url\":\"https:\/\/kemtia.com\/services-solutions\/\",\"name\":\"Servicios & Soluciones - Functional Foods Development &amp; Manufacturing | Kemtia\",\"isPartOf\":{\"@id\":\"https:\/\/kemtia.com\/#website\"},\"datePublished\":\"2015-07-16T12:16:15+00:00\",\"dateModified\":\"2015-10-06T13:50:09+00:00\",\"breadcrumb\":{\"@id\":\"https:\/\/kemtia.com\/services-solutions\/#breadcrumb\"},\"inLanguage\":\"es\",\"potentialAction\":[{\"@type\":\"ReadAction\",\"target\":[\"https:\/\/kemtia.com\/services-solutions\/\"]}]},{\"@type\":\"BreadcrumbList\",\"@id\":\"https:\/\/kemtia.com\/services-solutions\/#breadcrumb\",\"itemListElement\":[{\"@type\":\"ListItem\",\"position\":1,\"name\":\"Home\",\"item\":\"https:\/\/kemtia.com\/es\/inicio\/\"},{\"@type\":\"ListItem\",\"position\":2,\"name\":\"Servicios &#038; Soluciones\"}]},{\"@type\":\"WebSite\",\"@id\":\"https:\/\/kemtia.com\/#website\",\"url\":\"https:\/\/kemtia.com\/\",\"name\":\"Functional Foods Development &amp; Manufacturing | Kemtia\",\"description\":\"\",\"potentialAction\":[{\"@type\":\"SearchAction\",\"target\":{\"@type\":\"EntryPoint\",\"urlTemplate\":\"https:\/\/kemtia.com\/?s={search_term_string}\"},\"query-input\":{\"@type\":\"PropertyValueSpecification\",\"valueRequired\":true,\"valueName\":\"search_term_string\"}}],\"inLanguage\":\"es\"}]}<\/script>\n<!-- \/ Yoast SEO plugin. -->","yoast_head_json":{"title":"Servicios & Soluciones - Functional Foods Development &amp; Manufacturing | Kemtia","robots":{"index":"index","follow":"follow","max-snippet":"max-snippet:-1","max-image-preview":"max-image-preview:large","max-video-preview":"max-video-preview:-1"},"canonical":"https:\/\/kemtia.com\/services-solutions\/","og_locale":"es_ES","og_type":"article","og_title":"Servicios & Soluciones - Functional Foods Development &amp; Manufacturing | Kemtia","og_url":"https:\/\/kemtia.com\/services-solutions\/","og_site_name":"Functional Foods Development &amp; Manufacturing | Kemtia","article_modified_time":"2015-10-06T13:50:09+00:00","twitter_card":"summary_large_image","twitter_misc":{"Tiempo de lectura":"3 minutos"},"schema":{"@context":"https:\/\/schema.org","@graph":[{"@type":"WebPage","@id":"https:\/\/kemtia.com\/services-solutions\/","url":"https:\/\/kemtia.com\/services-solutions\/","name":"Servicios & Soluciones - Functional Foods Development &amp; Manufacturing | Kemtia","isPartOf":{"@id":"https:\/\/kemtia.com\/#website"},"datePublished":"2015-07-16T12:16:15+00:00","dateModified":"2015-10-06T13:50:09+00:00","breadcrumb":{"@id":"https:\/\/kemtia.com\/services-solutions\/#breadcrumb"},"inLanguage":"es","potentialAction":[{"@type":"ReadAction","target":["https:\/\/kemtia.com\/services-solutions\/"]}]},{"@type":"BreadcrumbList","@id":"https:\/\/kemtia.com\/services-solutions\/#breadcrumb","itemListElement":[{"@type":"ListItem","position":1,"name":"Home","item":"https:\/\/kemtia.com\/es\/inicio\/"},{"@type":"ListItem","position":2,"name":"Servicios &#038; Soluciones"}]},{"@type":"WebSite","@id":"https:\/\/kemtia.com\/#website","url":"https:\/\/kemtia.com\/","name":"Functional Foods Development &amp; Manufacturing | Kemtia","description":"","potentialAction":[{"@type":"SearchAction","target":{"@type":"EntryPoint","urlTemplate":"https:\/\/kemtia.com\/?s={search_term_string}"},"query-input":{"@type":"PropertyValueSpecification","valueRequired":true,"valueName":"search_term_string"}}],"inLanguage":"es"}]}},"_links":{"self":[{"href":"https:\/\/kemtia.com\/es\/wp-json\/wp\/v2\/pages\/258","targetHints":{"allow":["GET"]}}],"collection":[{"href":"https:\/\/kemtia.com\/es\/wp-json\/wp\/v2\/pages"}],"about":[{"href":"https:\/\/kemtia.com\/es\/wp-json\/wp\/v2\/types\/page"}],"author":[{"embeddable":true,"href":"https:\/\/kemtia.com\/es\/wp-json\/wp\/v2\/users\/1"}],"replies":[{"embeddable":true,"href":"https:\/\/kemtia.com\/es\/wp-json\/wp\/v2\/comments?post=258"}],"version-history":[{"count":6,"href":"https:\/\/kemtia.com\/es\/wp-json\/wp\/v2\/pages\/258\/revisions"}],"predecessor-version":[{"id":1028,"href":"https:\/\/kemtia.com\/es\/wp-json\/wp\/v2\/pages\/258\/revisions\/1028"}],"wp:attachment":[{"href":"https:\/\/kemtia.com\/es\/wp-json\/wp\/v2\/media?parent=258"}],"curies":[{"name":"wp","href":"https:\/\/api.w.org\/{rel}","templated":true}]}}