{"id":687,"date":"2015-08-04T12:13:15","date_gmt":"2015-08-04T11:13:15","guid":{"rendered":"https:\/\/kemtia.com\/es\/?page_id=687"},"modified":"2015-09-07T17:42:27","modified_gmt":"2015-09-07T16:42:27","slug":"aromas","status":"publish","type":"page","link":"https:\/\/kemtia.com\/es\/aromas\/","title":{"rendered":"Aromas"},"content":{"rendered":"\n<style type=\"text\/css\" data-created_by=\"avia_inline_auto\" id=\"style-css-av-av_section-7fb82879a34d2b55a7d4d06af4fe69a5\">\n.avia-section.av-av_section-7fb82879a34d2b55a7d4d06af4fe69a5{\nbackground-repeat:no-repeat;\nbackground-image:url(https:\/\/kemtia.com\/wp-content\/uploads\/2015\/09\/AROMAS-KEMTIA.jpg);\nbackground-position:50% 0%;\nbackground-attachment:scroll;\n}\n<\/style>\n<div id='av_section_1'  class='avia-section av-av_section-7fb82879a34d2b55a7d4d06af4fe69a5 main_color avia-section-no-padding avia-no-border-styling  avia-builder-el-0  el_before_av_section  avia-builder-el-first  avia-bg-style-scroll av-minimum-height av-minimum-height-50 av-height-50  container_wrap fullsize'  data-section-bg-repeat='no-repeat' data-av_minimum_height_pc='50' data-av_min_height_opt='50'><div class='container av-section-cont-open' ><main  role=\"main\" itemprop=\"mainContentOfPage\"  class='template-page content  av-content-full alpha units'><div class='post-entry post-entry-type-page post-entry-687'><div class='entry-content-wrapper clearfix'>\n<section  class='av_textblock_section av-av_textblock-0366cc7376be6c9e82a3e9cc8987b64f '   itemscope=\"itemscope\" itemtype=\"https:\/\/schema.org\/CreativeWork\" ><div class='avia_textblock'  itemprop=\"text\" ><h1 style=\"text-align: center;\"><span style=\"font-family: Myriad; color: #333333;\">DESARROLLO Y FABRICACI\u00d3N DE AROMAS<\/span><\/h1>\n<\/div><\/section>\n\n<\/div><\/div><\/main><!-- close content main element --><\/div><\/div><div id='av_section_2'  class='avia-section av-av_section-915b33fd1d6006bfc684ade488387eaf main_color avia-section-default avia-no-border-styling  avia-builder-el-2  el_after_av_section  avia-builder-el-last  avia-bg-style-scroll container_wrap fullsize'  ><div class='container av-section-cont-open' ><div class='template-page content  av-content-full alpha units'><div class='post-entry post-entry-type-page post-entry-687'><div class='entry-content-wrapper clearfix'>\n\n<style type=\"text\/css\" data-created_by=\"avia_inline_auto\" id=\"style-css-av-av_one_third-352b07ef7d3bc99b2e9f92e7a9e06bdb\">\n.flex_column.av-av_one_third-352b07ef7d3bc99b2e9f92e7a9e06bdb{\nborder-radius:0px 0px 0px 0px;\npadding:0px 0px 0px 0px;\n}\n<\/style>\n<div  class='flex_column av-av_one_third-352b07ef7d3bc99b2e9f92e7a9e06bdb av_one_third  avia-builder-el-3  el_before_av_two_third  avia-builder-el-first  first flex_column_div av-zero-column-padding  '     ><section  class='av_textblock_section av-av_textblock-0366cc7376be6c9e82a3e9cc8987b64f '   itemscope=\"itemscope\" itemtype=\"https:\/\/schema.org\/CreativeWork\" ><div class='avia_textblock'  itemprop=\"text\" ><div style=\"height: 14px; text-align: left;\"><\/div>\n<div id=\"grad\" style=\"text-align: left;\"><\/div>\n<p style=\"text-align: left;\"><span class=\"mpbold\">AROMAS<\/span><\/p>\n<p class=\"subtitle\" style=\"text-align: left;\">SOLUCIONES AROM\u00c1TICAS A MEDIDA<\/p>\n<div id=\"grad\" style=\"text-align: left;\"><\/div>\n<\/div><\/section><\/div>\n<style type=\"text\/css\" data-created_by=\"avia_inline_auto\" id=\"style-css-av-av_two_third-2a64de42b738552fe666ca889af77e28\">\n.flex_column.av-av_two_third-2a64de42b738552fe666ca889af77e28{\nborder-radius:0px 0px 0px 0px;\npadding:0px 0px 0px 0px;\n}\n<\/style>\n<div  class='flex_column av-av_two_third-2a64de42b738552fe666ca889af77e28 av_two_third  avia-builder-el-5  el_after_av_one_third  avia-builder-el-last  flex_column_div av-zero-column-padding  '     ><p><section  class='av_textblock_section av-av_textblock-0366cc7376be6c9e82a3e9cc8987b64f '   itemscope=\"itemscope\" itemtype=\"https:\/\/schema.org\/CreativeWork\" ><div class='avia_textblock'  itemprop=\"text\" ><p><span style=\"color: #999999;\">Contamos con nuestra propia divisi\u00f3n para el desarrollo, fabricaci\u00f3n y comercializaci\u00f3n de aromas para la industria alimentaria y farmac\u00e9utica. Adem\u00e1s de nuestros miles de referencias de aromas disponibles, producimos diferentes soluciones de aromas que se adaptan a los requerimientos de nuestros clientes y las propiedades f\u00edsico-qu\u00edmicas del producto final.<\/span><\/p>\n<ul>\n<li>\n<div class=\"gmail_default\"><span style=\"color: #a64d79;\"><span style=\"color: #999999;\">NATURALES O ID\u00c9NTICOS AL NATURAL<\/span> <\/span><\/div>\n<\/li>\n<li>\n<div class=\"gmail_default\"><span style=\"color: #999999;\">L\u00cdQUIDOS, EN POLVO, ATOMIZADOS, EN EMULSI\u00d3N, EN PASTA<\/span><\/div>\n<\/li>\n<\/ul>\n<\/div><\/section><br \/>\n<div  class='togglecontainer av-av_toggle_container-8e0c6e39d39b619a829887bd54fff3ed  avia-builder-el-7  el_after_av_textblock  avia-builder-el-last  toggle_close_all' >\n<section class='av_toggle_section av-av_toggle-3c5e978a56ad228530079db27f5bd11f'  itemscope=\"itemscope\" itemtype=\"https:\/\/schema.org\/CreativeWork\" ><div role=\"tablist\" class=\"single_toggle\" data-tags=\"{Todo} \"  ><p id='toggle-toggle-id-1' data-fake-id='#toggle-id-1' class='toggler  av-title-above '  itemprop=\"headline\"  role='tab' tabindex='0' aria-controls='toggle-id-1' data-slide-speed=\"200\" data-title=\"APLICACIONES AROM\u00c1TICAS\" data-title-open=\"\" data-aria_collapsed=\"Click to expand: APLICACIONES AROM\u00c1TICAS\" data-aria_expanded=\"Click to collapse: APLICACIONES AROM\u00c1TICAS\">APLICACIONES AROM\u00c1TICAS<span class=\"toggle_icon\"><span class=\"vert_icon\"><\/span><span class=\"hor_icon\"><\/span><\/span><\/p><div id='toggle-id-1' aria-labelledby='toggle-toggle-id-1' role='region' class='toggle_wrap  av-title-above'  ><div class='toggle_content invers-color '  itemprop=\"text\" ><p><div class='content-column one_third'><span style=\"color: #808080; font-family: Myriad Pro Bold;\">Alimentos<\/span><\/p>\n<ul>\n<li><span class=\"services\">Chocolates y confiter\u00eda<\/span><\/li>\n<li><span class=\"services\">L\u00e1cteos y helados<\/span><\/li>\n<li><span class=\"services\">Panader\u00eda y boller\u00eda <\/span><\/li>\n<li><span class=\"services\">Aromas de pescado y surimi<\/span><\/li>\n<li><span class=\"services\">Aromas c\u00e1rnicos<\/span><\/li>\n<li><span class=\"services\">Aromas vegetales<\/span><\/li>\n<li><span class=\"services\">Aromas para snacks<\/div><\/span><\/li>\n<\/ul>\n<p><div class='content-column one_third'><span style=\"color: #808080; font-family: Myriad Pro Bold;\">Bebidas<\/span><\/p>\n<ul class=\"services\">\n<li><span class=\"services\">Aromas para bebidas funcionales<\/span><\/li>\n<li><span class=\"services\">Refrescos<\/span><\/li>\n<li><span class=\"services\">Bebidas alcoh\u00f3licas<\/span><\/li>\n<li><span class=\"services\">Bebidas instant\u00e1neas<\/span><\/li>\n<li><span class=\"services\">Bebidas instant\u00e1neas: t\u00e9s, caf\u00e9, extractos naturales<\/div><\/span><\/li>\n<\/ul>\n<p><div class='content-column one_third last_column'><span style=\"font-family: Myriad Pro Bold; color: #808080;\">Productos para la salud<\/span><\/p>\n<ul class=\"services\">\n<li><span class=\"services\">Aromas para suplementos nutricionales<\/span><\/li>\n<li><span class=\"services\">Aromas para preparaciones farmac\u00e9uticas<\/div><div class='clear_column'><\/div><\/span><\/li>\n<\/ul>\n<\/div><\/div><\/div><\/section>\n<section class='av_toggle_section av-av_toggle-d03789e0b341e427a170df638f03f0a2'  itemscope=\"itemscope\" itemtype=\"https:\/\/schema.org\/CreativeWork\" ><div role=\"tablist\" class=\"single_toggle\" data-tags=\"{Todo} \"  ><p id='toggle-toggle-id-2' data-fake-id='#toggle-id-2' class='toggler  av-title-above '  itemprop=\"headline\"  role='tab' tabindex='0' aria-controls='toggle-id-2' data-slide-speed=\"200\" data-title=\"AROMATIZACI\u00d3N Y SOLUCIONES DE ENMASCARAMIENTO\" data-title-open=\"\" data-aria_collapsed=\"Click to expand: AROMATIZACI\u00d3N Y SOLUCIONES DE ENMASCARAMIENTO\" data-aria_expanded=\"Click to collapse: AROMATIZACI\u00d3N Y SOLUCIONES DE ENMASCARAMIENTO\">AROMATIZACI\u00d3N Y SOLUCIONES DE ENMASCARAMIENTO<span class=\"toggle_icon\"><span class=\"vert_icon\"><\/span><span class=\"hor_icon\"><\/span><\/span><\/p><div id='toggle-id-2' aria-labelledby='toggle-toggle-id-2' role='region' class='toggle_wrap  av-title-above'  ><div class='toggle_content invers-color '  itemprop=\"text\" ><ul class=\"services\">\n<li><span class=\"services\"><span style=\"font-family: Myriad Pro Bold; color: #808080;\">Enmascaramiento de edulcorantes:<\/span> El regusto met\u00e1lico es habitual en los productos que contienen edulcorantes de no cal\u00f3ricos. Nuestros clientes se benefician de nuestro expertise en enmascaramiento de aromas para la mejora de sus productos.<\/span><\/li>\n<li><span class=\"services\"><span style=\"color: #808080; font-family: Myriad Pro Bold;\">Enmascaramiento de productos farmac\u00e9uticos:<\/span> Ofrecemos numerosas soluciones para enmascarar los aromas no deseados de determinados ingredientes activos.<\/span><\/li>\n<li><span class=\"services\"><span style=\"font-family: Myriad Pro Bold; color: #808080;\">Aromatizaci\u00f3n de alimentos y bebidas funcionales:<\/span> Colaboramos con nuestros clientes para un aroma mejorado de sus bebidas y alimentos funcionales.<\/span><\/li>\n<\/ul>\n<\/div><\/div><\/div><\/section>\n<\/div><\/p><\/div>\n\n","protected":false},"excerpt":{"rendered":"","protected":false},"author":1,"featured_media":0,"parent":0,"menu_order":0,"comment_status":"open","ping_status":"open","template":"","meta":{"_acf_changed":false,"footnotes":""},"class_list":["post-687","page","type-page","status-publish","hentry"],"acf":[],"yoast_head":"<!-- This site is optimized with the Yoast SEO plugin v26.9 - https:\/\/yoast.com\/product\/yoast-seo-wordpress\/ -->\n<title>Aromas - Functional Foods Development &amp; Manufacturing | Kemtia<\/title>\n<meta name=\"robots\" content=\"index, follow, max-snippet:-1, max-image-preview:large, max-video-preview:-1\" \/>\n<link rel=\"canonical\" href=\"https:\/\/kemtia.com\/flavours\/\" \/>\n<meta property=\"og:locale\" content=\"es_ES\" \/>\n<meta property=\"og:type\" content=\"article\" \/>\n<meta property=\"og:title\" content=\"Aromas - Functional Foods Development &amp; Manufacturing | Kemtia\" \/>\n<meta property=\"og:url\" content=\"https:\/\/kemtia.com\/flavours\/\" \/>\n<meta property=\"og:site_name\" content=\"Functional Foods Development &amp; Manufacturing | Kemtia\" \/>\n<meta property=\"article:modified_time\" content=\"2015-09-07T16:42:27+00:00\" \/>\n<meta name=\"twitter:card\" content=\"summary_large_image\" \/>\n<meta name=\"twitter:label1\" content=\"Tiempo de lectura\" \/>\n\t<meta name=\"twitter:data1\" content=\"3 minutos\" \/>\n<script type=\"application\/ld+json\" class=\"yoast-schema-graph\">{\"@context\":\"https:\/\/schema.org\",\"@graph\":[{\"@type\":\"WebPage\",\"@id\":\"https:\/\/kemtia.com\/flavours\/\",\"url\":\"https:\/\/kemtia.com\/flavours\/\",\"name\":\"Aromas - Functional Foods Development &amp; Manufacturing | Kemtia\",\"isPartOf\":{\"@id\":\"https:\/\/kemtia.com\/#website\"},\"datePublished\":\"2015-08-04T11:13:15+00:00\",\"dateModified\":\"2015-09-07T16:42:27+00:00\",\"breadcrumb\":{\"@id\":\"https:\/\/kemtia.com\/flavours\/#breadcrumb\"},\"inLanguage\":\"es\",\"potentialAction\":[{\"@type\":\"ReadAction\",\"target\":[\"https:\/\/kemtia.com\/flavours\/\"]}]},{\"@type\":\"BreadcrumbList\",\"@id\":\"https:\/\/kemtia.com\/flavours\/#breadcrumb\",\"itemListElement\":[{\"@type\":\"ListItem\",\"position\":1,\"name\":\"Home\",\"item\":\"https:\/\/kemtia.com\/es\/inicio\/\"},{\"@type\":\"ListItem\",\"position\":2,\"name\":\"Aromas\"}]},{\"@type\":\"WebSite\",\"@id\":\"https:\/\/kemtia.com\/#website\",\"url\":\"https:\/\/kemtia.com\/\",\"name\":\"Functional Foods Development &amp; Manufacturing | Kemtia\",\"description\":\"\",\"potentialAction\":[{\"@type\":\"SearchAction\",\"target\":{\"@type\":\"EntryPoint\",\"urlTemplate\":\"https:\/\/kemtia.com\/?s={search_term_string}\"},\"query-input\":{\"@type\":\"PropertyValueSpecification\",\"valueRequired\":true,\"valueName\":\"search_term_string\"}}],\"inLanguage\":\"es\"}]}<\/script>\n<!-- \/ Yoast SEO plugin. -->","yoast_head_json":{"title":"Aromas - Functional Foods Development &amp; Manufacturing | Kemtia","robots":{"index":"index","follow":"follow","max-snippet":"max-snippet:-1","max-image-preview":"max-image-preview:large","max-video-preview":"max-video-preview:-1"},"canonical":"https:\/\/kemtia.com\/flavours\/","og_locale":"es_ES","og_type":"article","og_title":"Aromas - Functional Foods Development &amp; Manufacturing | Kemtia","og_url":"https:\/\/kemtia.com\/flavours\/","og_site_name":"Functional Foods Development &amp; Manufacturing | Kemtia","article_modified_time":"2015-09-07T16:42:27+00:00","twitter_card":"summary_large_image","twitter_misc":{"Tiempo de lectura":"3 minutos"},"schema":{"@context":"https:\/\/schema.org","@graph":[{"@type":"WebPage","@id":"https:\/\/kemtia.com\/flavours\/","url":"https:\/\/kemtia.com\/flavours\/","name":"Aromas - Functional Foods Development &amp; Manufacturing | Kemtia","isPartOf":{"@id":"https:\/\/kemtia.com\/#website"},"datePublished":"2015-08-04T11:13:15+00:00","dateModified":"2015-09-07T16:42:27+00:00","breadcrumb":{"@id":"https:\/\/kemtia.com\/flavours\/#breadcrumb"},"inLanguage":"es","potentialAction":[{"@type":"ReadAction","target":["https:\/\/kemtia.com\/flavours\/"]}]},{"@type":"BreadcrumbList","@id":"https:\/\/kemtia.com\/flavours\/#breadcrumb","itemListElement":[{"@type":"ListItem","position":1,"name":"Home","item":"https:\/\/kemtia.com\/es\/inicio\/"},{"@type":"ListItem","position":2,"name":"Aromas"}]},{"@type":"WebSite","@id":"https:\/\/kemtia.com\/#website","url":"https:\/\/kemtia.com\/","name":"Functional Foods Development &amp; Manufacturing | Kemtia","description":"","potentialAction":[{"@type":"SearchAction","target":{"@type":"EntryPoint","urlTemplate":"https:\/\/kemtia.com\/?s={search_term_string}"},"query-input":{"@type":"PropertyValueSpecification","valueRequired":true,"valueName":"search_term_string"}}],"inLanguage":"es"}]}},"_links":{"self":[{"href":"https:\/\/kemtia.com\/es\/wp-json\/wp\/v2\/pages\/687","targetHints":{"allow":["GET"]}}],"collection":[{"href":"https:\/\/kemtia.com\/es\/wp-json\/wp\/v2\/pages"}],"about":[{"href":"https:\/\/kemtia.com\/es\/wp-json\/wp\/v2\/types\/page"}],"author":[{"embeddable":true,"href":"https:\/\/kemtia.com\/es\/wp-json\/wp\/v2\/users\/1"}],"replies":[{"embeddable":true,"href":"https:\/\/kemtia.com\/es\/wp-json\/wp\/v2\/comments?post=687"}],"version-history":[{"count":10,"href":"https:\/\/kemtia.com\/es\/wp-json\/wp\/v2\/pages\/687\/revisions"}],"predecessor-version":[{"id":929,"href":"https:\/\/kemtia.com\/es\/wp-json\/wp\/v2\/pages\/687\/revisions\/929"}],"wp:attachment":[{"href":"https:\/\/kemtia.com\/es\/wp-json\/wp\/v2\/media?parent=687"}],"curies":[{"name":"wp","href":"https:\/\/api.w.org\/{rel}","templated":true}]}}