{"id":705,"date":"2015-08-05T09:51:39","date_gmt":"2015-08-05T08:51:39","guid":{"rendered":"https:\/\/kemtia.com\/es\/?page_id=705"},"modified":"2025-07-15T14:30:21","modified_gmt":"2025-07-15T13:30:21","slug":"edulcorantes","status":"publish","type":"page","link":"https:\/\/kemtia.com\/es\/edulcorantes\/","title":{"rendered":"Edulcorantes"},"content":{"rendered":"\n<style type=\"text\/css\" data-created_by=\"avia_inline_auto\" id=\"style-css-av-md4kkzfb-09ca43463297c0a3ce0d074000adcdf7\">\n.avia-section.av-md4kkzfb-09ca43463297c0a3ce0d074000adcdf7{\nbackground-repeat:no-repeat;\nbackground-image:url(https:\/\/kemtia.com\/wp-content\/uploads\/2015\/09\/EDULCORANTES-KEMTIA.jpg);\nbackground-position:50% 0%;\nbackground-attachment:scroll;\n}\n<\/style>\n<div id='av_section_1'  class='avia-section av-md4kkzfb-09ca43463297c0a3ce0d074000adcdf7 main_color avia-section-no-padding avia-no-border-styling  avia-builder-el-0  el_before_av_section  avia-builder-el-first  avia-bg-style-scroll av-minimum-height av-minimum-height-50 av-height-50  container_wrap fullsize'  data-section-bg-repeat='no-repeat' data-av_minimum_height_pc='50' data-av_min_height_opt='50'><div class='container av-section-cont-open' ><main  role=\"main\" itemprop=\"mainContentOfPage\"  class='template-page content  av-content-full alpha units'><div class='post-entry post-entry-type-page post-entry-705'><div class='entry-content-wrapper clearfix'>\n<section  class='av_textblock_section av-md4kjuoe-870298a74c33bb4aebb26a9e0c22762f '   itemscope=\"itemscope\" itemtype=\"https:\/\/schema.org\/CreativeWork\" ><div class='avia_textblock'  itemprop=\"text\" ><h1 style=\"text-align: center;\"><span style=\"font-family: Myriad; color: #333333;\">FABRICACI\u00d3N Y DESARROLLO DE F\u00d3RMULAS CON EDULCORANTES<\/span><\/h1>\n<\/div><\/section>\n<\/div><\/div><\/main><!-- close content main element --><\/div><\/div><div id='av_section_2'  class='avia-section av-av_section-915b33fd1d6006bfc684ade488387eaf main_color avia-section-default avia-no-border-styling  avia-builder-el-2  el_after_av_section  avia-builder-el-last  avia-bg-style-scroll container_wrap fullsize'  ><div class='container av-section-cont-open' ><div class='template-page content  av-content-full alpha units'><div class='post-entry post-entry-type-page post-entry-705'><div class='entry-content-wrapper clearfix'>\n\n<style type=\"text\/css\" data-created_by=\"avia_inline_auto\" id=\"style-css-av-av_one_third-352b07ef7d3bc99b2e9f92e7a9e06bdb\">\n.flex_column.av-av_one_third-352b07ef7d3bc99b2e9f92e7a9e06bdb{\nborder-radius:0px 0px 0px 0px;\npadding:0px 0px 0px 0px;\n}\n<\/style>\n<div  class='flex_column av-av_one_third-352b07ef7d3bc99b2e9f92e7a9e06bdb av_one_third  avia-builder-el-3  el_before_av_two_third  avia-builder-el-first  first flex_column_div av-zero-column-padding  '     ><section  class='av_textblock_section av-md4khcx1-42a721fae72c99ffd3b1359101023f91 '   itemscope=\"itemscope\" itemtype=\"https:\/\/schema.org\/CreativeWork\" ><div class='avia_textblock'  itemprop=\"text\" ><div style=\"height: 14px; text-align: left;\"><\/div>\n<div id=\"grad\" style=\"text-align: left;\"><\/div>\n<h2 style=\"text-align: left;\"><span class=\"mpbold\">EDULCORANTES<\/span><\/h2>\n<h3 class=\"subtitle\" style=\"text-align: left;\">FABRICACI\u00d3N DE EDULCORANTES INTENSIVOS Y DESARROLLO DE MEZCLAS DE EDUCLORANTES<\/h3>\n<div id=\"grad\" style=\"text-align: left;\"><\/div>\n<\/div><\/section><\/div>\n<style type=\"text\/css\" data-created_by=\"avia_inline_auto\" id=\"style-css-av-av_two_third-2a64de42b738552fe666ca889af77e28\">\n.flex_column.av-av_two_third-2a64de42b738552fe666ca889af77e28{\nborder-radius:0px 0px 0px 0px;\npadding:0px 0px 0px 0px;\n}\n<\/style>\n<div  class='flex_column av-av_two_third-2a64de42b738552fe666ca889af77e28 av_two_third  avia-builder-el-5  el_after_av_one_third  avia-builder-el-last  flex_column_div av-zero-column-padding  '     ><section  class='av_textblock_section av-md4kfq1x-8c0506d3ac69f701b3a54046886af7f5 '   itemscope=\"itemscope\" itemtype=\"https:\/\/schema.org\/CreativeWork\" ><div class='avia_textblock'  itemprop=\"text\" ><p style=\"text-align: left;\"><span style=\"color: #999999;\">Somos fabricantes de edulcorantes puros y tambi\u00e9n formulamos mezclas de edulcorantes edulcorantes naturales y artificiales, de alta intensidad o edulcorantes de carga. Gracias a nuestra dilatada experiencia en la fabricaci\u00f3n y formulaci\u00f3n de edulcorantes somos proveedores para una innumerable cantidad de clientes en la industrias alimentaria y farmac\u00e9utica, tanto en el mercado nacional y mundial.<\/span><\/p>\n<ul>\n<li style=\"text-align: left;\">\n<h2><span style=\"color: #999999; font-size: 12px;\">EDULCORANTES PUROS<\/span><\/h2>\n<\/li>\n<li style=\"text-align: left;\">\n<h2><span style=\"color: #999999; font-size: 12px;\">MEZCLAS DE EDULCORANTES EST\u00c1NDAR<\/span><\/h2>\n<\/li>\n<li style=\"text-align: left;\">\n<h2><span style=\"color: #999999; font-size: 12px;\">MEZCLAS DE EDULCORANTES A MEDIDA<\/span><\/h2>\n<\/li>\n<\/ul>\n<\/div><\/section><br \/>\n<div  class='togglecontainer av-md4kin49-8724741769baa25ea0145d8669a52a5b  avia-builder-el-7  el_after_av_textblock  avia-builder-el-last  toggle_close_all' >\n<section class='av_toggle_section av-av_toggle-eb706d0d1675073ae608477a8e8a0011'  itemscope=\"itemscope\" itemtype=\"https:\/\/schema.org\/CreativeWork\" ><div role=\"tablist\" class=\"single_toggle\" data-tags=\"{Todo} \"  ><h3 id='toggle-toggle-id-1' data-fake-id='#toggle-id-1' class='toggler  av-title-above '  itemprop=\"headline\"  role='tab' tabindex='0' aria-controls='toggle-id-1' data-slide-speed=\"200\" data-title=\"EDULCORANTES DE CARGA\" data-title-open=\"\" data-aria_collapsed=\"Click to expand: EDULCORANTES DE CARGA\" data-aria_expanded=\"Click to collapse: EDULCORANTES DE CARGA\">EDULCORANTES DE CARGA<span class=\"toggle_icon\"><span class=\"vert_icon\"><\/span><span class=\"hor_icon\"><\/span><\/span><\/h3><div id='toggle-id-1' aria-labelledby='toggle-toggle-id-1' role='region' class='toggle_wrap  av-title-above'  ><div class='toggle_content invers-color '  itemprop=\"text\" ><ul>\n<li><span class=\"services\">Sorbitol<\/span><\/li>\n<li><span class=\"services\">Maltitol<\/span><\/li>\n<li><span class=\"services\">Isomalt<\/span><\/li>\n<li><span class=\"services\">Eritritol<\/span><\/li>\n<li><span class=\"services\">Lactitol <\/span><\/li>\n<li><span class=\"services\">Manitol<\/span><\/li>\n<\/ul>\n<\/div><\/div><\/div><\/section>\n<section class='av_toggle_section av-av_toggle-e889a41c4c42f24ce4e0d461e3f24812'  itemscope=\"itemscope\" itemtype=\"https:\/\/schema.org\/CreativeWork\" ><div role=\"tablist\" class=\"single_toggle\" data-tags=\"{Todo} \"  ><h3 id='toggle-toggle-id-2' data-fake-id='#toggle-id-2' class='toggler  av-title-above '  itemprop=\"headline\"  role='tab' tabindex='0' aria-controls='toggle-id-2' data-slide-speed=\"200\" data-title=\"EDULCORANTES DE ALTA INTENSIDAD\" data-title-open=\"\" data-aria_collapsed=\"Click to expand: EDULCORANTES DE ALTA INTENSIDAD\" data-aria_expanded=\"Click to collapse: EDULCORANTES DE ALTA INTENSIDAD\">EDULCORANTES DE ALTA INTENSIDAD<span class=\"toggle_icon\"><span class=\"vert_icon\"><\/span><span class=\"hor_icon\"><\/span><\/span><\/h3><div id='toggle-id-2' aria-labelledby='toggle-toggle-id-2' role='region' class='toggle_wrap  av-title-above'  ><div class='toggle_content invers-color '  itemprop=\"text\" ><ul>\n<li><span class=\"services\">Sacarina<\/span><\/li>\n<li><span class=\"services\">Ciclamato s\u00f3dico <\/span><\/li>\n<li><span class=\"services\">Acesulfame-K<\/span><\/li>\n<li><span class=\"services\">Aspartamo<\/span><\/li>\n<li><span class=\"services\">Sucralose <\/span><\/li>\n<li><span class=\"services\">Estevia<\/span><\/li>\n<li><span class=\"services\">Neohesperidina<\/span><\/li>\n<\/ul>\n<\/div><\/div><\/div><\/section>\n<\/div><\/p><\/div><\/p>\n","protected":false},"excerpt":{"rendered":"","protected":false},"author":1,"featured_media":0,"parent":0,"menu_order":0,"comment_status":"open","ping_status":"open","template":"","meta":{"_acf_changed":false,"footnotes":""},"class_list":["post-705","page","type-page","status-publish","hentry"],"acf":[],"yoast_head":"<!-- This site is optimized with the Yoast SEO plugin v26.9 - https:\/\/yoast.com\/product\/yoast-seo-wordpress\/ -->\n<title>Edulcorantes - Functional Foods Development &amp; Manufacturing | Kemtia<\/title>\n<meta name=\"robots\" content=\"index, follow, max-snippet:-1, max-image-preview:large, max-video-preview:-1\" \/>\n<link rel=\"canonical\" href=\"https:\/\/kemtia.com\/es\/edulcorantes\/\" \/>\n<meta property=\"og:locale\" content=\"es_ES\" \/>\n<meta property=\"og:type\" content=\"article\" \/>\n<meta property=\"og:title\" content=\"Edulcorantes - Functional Foods Development &amp; Manufacturing | Kemtia\" \/>\n<meta property=\"og:url\" content=\"https:\/\/kemtia.com\/es\/edulcorantes\/\" \/>\n<meta property=\"og:site_name\" content=\"Functional Foods Development &amp; Manufacturing | Kemtia\" \/>\n<meta property=\"article:modified_time\" content=\"2025-07-15T13:30:21+00:00\" \/>\n<meta name=\"twitter:card\" content=\"summary_large_image\" \/>\n<meta name=\"twitter:label1\" content=\"Tiempo de lectura\" \/>\n\t<meta name=\"twitter:data1\" content=\"1 minuto\" \/>\n<script type=\"application\/ld+json\" class=\"yoast-schema-graph\">{\"@context\":\"https:\/\/schema.org\",\"@graph\":[{\"@type\":\"WebPage\",\"@id\":\"https:\/\/kemtia.com\/es\/edulcorantes\/\",\"url\":\"https:\/\/kemtia.com\/es\/edulcorantes\/\",\"name\":\"Edulcorantes - Functional Foods Development &amp; Manufacturing | Kemtia\",\"isPartOf\":{\"@id\":\"https:\/\/kemtia.com\/#website\"},\"datePublished\":\"2015-08-05T08:51:39+00:00\",\"dateModified\":\"2025-07-15T13:30:21+00:00\",\"breadcrumb\":{\"@id\":\"https:\/\/kemtia.com\/es\/edulcorantes\/#breadcrumb\"},\"inLanguage\":\"es\",\"potentialAction\":[{\"@type\":\"ReadAction\",\"target\":[\"https:\/\/kemtia.com\/es\/edulcorantes\/\"]}]},{\"@type\":\"BreadcrumbList\",\"@id\":\"https:\/\/kemtia.com\/es\/edulcorantes\/#breadcrumb\",\"itemListElement\":[{\"@type\":\"ListItem\",\"position\":1,\"name\":\"Home\",\"item\":\"https:\/\/kemtia.com\/es\/inicio\/\"},{\"@type\":\"ListItem\",\"position\":2,\"name\":\"Edulcorantes\"}]},{\"@type\":\"WebSite\",\"@id\":\"https:\/\/kemtia.com\/#website\",\"url\":\"https:\/\/kemtia.com\/\",\"name\":\"Functional Foods Development &amp; Manufacturing | Kemtia\",\"description\":\"\",\"potentialAction\":[{\"@type\":\"SearchAction\",\"target\":{\"@type\":\"EntryPoint\",\"urlTemplate\":\"https:\/\/kemtia.com\/?s={search_term_string}\"},\"query-input\":{\"@type\":\"PropertyValueSpecification\",\"valueRequired\":true,\"valueName\":\"search_term_string\"}}],\"inLanguage\":\"es\"}]}<\/script>\n<!-- \/ Yoast SEO plugin. -->","yoast_head_json":{"title":"Edulcorantes - Functional Foods Development &amp; Manufacturing | Kemtia","robots":{"index":"index","follow":"follow","max-snippet":"max-snippet:-1","max-image-preview":"max-image-preview:large","max-video-preview":"max-video-preview:-1"},"canonical":"https:\/\/kemtia.com\/es\/edulcorantes\/","og_locale":"es_ES","og_type":"article","og_title":"Edulcorantes - Functional Foods Development &amp; Manufacturing | Kemtia","og_url":"https:\/\/kemtia.com\/es\/edulcorantes\/","og_site_name":"Functional Foods Development &amp; Manufacturing | Kemtia","article_modified_time":"2025-07-15T13:30:21+00:00","twitter_card":"summary_large_image","twitter_misc":{"Tiempo de lectura":"1 minuto"},"schema":{"@context":"https:\/\/schema.org","@graph":[{"@type":"WebPage","@id":"https:\/\/kemtia.com\/es\/edulcorantes\/","url":"https:\/\/kemtia.com\/es\/edulcorantes\/","name":"Edulcorantes - Functional Foods Development &amp; Manufacturing | Kemtia","isPartOf":{"@id":"https:\/\/kemtia.com\/#website"},"datePublished":"2015-08-05T08:51:39+00:00","dateModified":"2025-07-15T13:30:21+00:00","breadcrumb":{"@id":"https:\/\/kemtia.com\/es\/edulcorantes\/#breadcrumb"},"inLanguage":"es","potentialAction":[{"@type":"ReadAction","target":["https:\/\/kemtia.com\/es\/edulcorantes\/"]}]},{"@type":"BreadcrumbList","@id":"https:\/\/kemtia.com\/es\/edulcorantes\/#breadcrumb","itemListElement":[{"@type":"ListItem","position":1,"name":"Home","item":"https:\/\/kemtia.com\/es\/inicio\/"},{"@type":"ListItem","position":2,"name":"Edulcorantes"}]},{"@type":"WebSite","@id":"https:\/\/kemtia.com\/#website","url":"https:\/\/kemtia.com\/","name":"Functional Foods Development &amp; Manufacturing | Kemtia","description":"","potentialAction":[{"@type":"SearchAction","target":{"@type":"EntryPoint","urlTemplate":"https:\/\/kemtia.com\/?s={search_term_string}"},"query-input":{"@type":"PropertyValueSpecification","valueRequired":true,"valueName":"search_term_string"}}],"inLanguage":"es"}]}},"_links":{"self":[{"href":"https:\/\/kemtia.com\/es\/wp-json\/wp\/v2\/pages\/705","targetHints":{"allow":["GET"]}}],"collection":[{"href":"https:\/\/kemtia.com\/es\/wp-json\/wp\/v2\/pages"}],"about":[{"href":"https:\/\/kemtia.com\/es\/wp-json\/wp\/v2\/types\/page"}],"author":[{"embeddable":true,"href":"https:\/\/kemtia.com\/es\/wp-json\/wp\/v2\/users\/1"}],"replies":[{"embeddable":true,"href":"https:\/\/kemtia.com\/es\/wp-json\/wp\/v2\/comments?post=705"}],"version-history":[{"count":17,"href":"https:\/\/kemtia.com\/es\/wp-json\/wp\/v2\/pages\/705\/revisions"}],"predecessor-version":[{"id":2773,"href":"https:\/\/kemtia.com\/es\/wp-json\/wp\/v2\/pages\/705\/revisions\/2773"}],"wp:attachment":[{"href":"https:\/\/kemtia.com\/es\/wp-json\/wp\/v2\/media?parent=705"}],"curies":[{"name":"wp","href":"https:\/\/api.w.org\/{rel}","templated":true}]}}