{"id":2526,"date":"2025-03-10T10:28:19","date_gmt":"2025-03-10T09:28:19","guid":{"rendered":"https:\/\/kemtia.com\/product\/vitamin-b9-folic-acid-watersoluble\/"},"modified":"2025-06-10T11:49:05","modified_gmt":"2025-06-10T10:49:05","slug":"vitamina-b9-acido-folico-soluble","status":"publish","type":"product","link":"https:\/\/kemtia.com\/es\/product\/vitamina-b9-acido-folico-soluble\/","title":{"rendered":"Premezcla de Vitamina B9 (\u00e1cido f\u00f3lico) soluble"},"content":{"rendered":"<p><span style=\"color: #000000; font-family: Georgia, Palatino;\"><span style=\"color: #000000; font-family: Georgia, Palatino;\"><span style=\"font-weight: 400;\">Como <b>fabricantes y distribuidores de premezclas de vitamina B9<\/b>, ofrecemos \u00e1cido f\u00f3lico de primera calidad para la salud prenatal y celular. El \u00e1cido f\u00f3lico es indispensable para la s\u00edntesis de ADN, la formaci\u00f3n de gl\u00f3bulos rojos y el desarrollo del sistema nervioso fetal. <\/span><\/span><\/span><\/p>\n<p><span style=\"color: #000000; font-family: Georgia, Palatino;\"><span style=\"font-weight: 400;\">Como <b>fabricantes y distribuidores de premezclas de \u00e1cido f\u00f3lico<\/b>, esta vitamina es especialmente importante durante las etapas de crecimiento y el embarazo para prevenir defectos cong\u00e9nitos y anemia.<\/span><\/span><\/p>\n<h3 style=\"color: #000000; font-family: Georgia, Palatino;\"><span style=\"font-weight: 400;\">Fabricante de <\/span><\/h3>\n<p><span style=\"color: #000000; font-family: Georgia, Palatino;\"><span style=\"font-weight: 400;\">En Kemtia, nos enorgullecemos de ser l\u00edderes en la fabricaci\u00f3n de . Nuestro producto destaca por su calidad y eficacia superiores, cumpliendo con los m\u00e1s estrictos est\u00e1ndares internacionales. Si le interesa adquirir  o necesita m\u00e1s informaci\u00f3n, no dude en contactarnos. Nuestro equipo de expertos est\u00e1 listo para brindarle informaci\u00f3n detallada sobre nuestros productos y soporte para satisfacer sus necesidades espec\u00edficas.<\/span><\/span><\/p>\n<h3 style=\"color: #000000; font-family: Georgia, Palatino;\"><span style=\"font-weight: 400;\">Proveedor de <\/span><\/h3>\n<p><span style=\"color: #000000; font-family: Georgia, Palatino;\"><span style=\"font-weight: 400;\">Como proveedor de , Kemtia ofrece soluciones integrales para empresas que requieren grandes cantidades de este nutriente esencial. Nuestra capacidad de distribuci\u00f3n mayorista nos permite satisfacer la demanda de clientes de diversos sectores, como el farmac\u00e9utico, el alimentario y el cosm\u00e9tico. Si le interesa obtener m\u00e1s informaci\u00f3n sobre nuestros servicios de distribuci\u00f3n y las ventajas de adquirir , cont\u00e1ctenos. Nos dedicamos a brindar un servicio excepcional y productos de la m\u00e1s alta calidad a todos nuestros clientes.<\/span><\/span><\/p>\n","protected":false},"excerpt":{"rendered":"<p>Como fabricantes y distribuidores de premezclas de vitamina B9, ofrecemos \u00e1cido f\u00f3lico de primera calidad para la salud prenatal y celular. El \u00e1cido f\u00f3lico es indispensable para la s\u00edntesis de ADN, la formaci\u00f3n de gl\u00f3bulos rojos y el desarrollo del sistema nervioso fetal. Como fabricantes y distribuidores de premezclas de \u00e1cido f\u00f3lico, esta vitamina es [&hellip;]<\/p>\n","protected":false},"featured_media":2219,"comment_status":"open","ping_status":"closed","template":"","meta":{"_acf_changed":false},"product_cat":[37],"product_tag":[],"class_list":{"0":"post-2526","1":"product","2":"type-product","3":"status-publish","4":"has-post-thumbnail","6":"product_cat-hidrosolubles-es","8":"first","9":"instock","10":"shipping-taxable","11":"product-type-simple"},"acf":[],"yoast_head":"<!-- This site is optimized with the Yoast SEO plugin v26.9 - https:\/\/yoast.com\/product\/yoast-seo-wordpress\/ -->\n<title>Premezcla de Vitamina B9 (\u00e1cido f\u00f3lico) soluble - Functional Foods Development &amp; Manufacturing | Kemtia<\/title>\n<meta name=\"description\" content=\"Fabricante y proveedor de Premezcla de Vitamina B9 (\u00e1cido f\u00f3lico) soluble. Ideal para suministro a granel en las industrias alimentaria, farmac\u00e9utica y cosm\u00e9tica.\" \/>\n<meta name=\"robots\" content=\"index, follow, max-snippet:-1, max-image-preview:large, max-video-preview:-1\" \/>\n<link rel=\"canonical\" href=\"https:\/\/kemtia.com\/es\/product\/vitamina-b9-acido-folico-soluble\/\" \/>\n<meta property=\"og:locale\" content=\"es_ES\" \/>\n<meta property=\"og:type\" content=\"article\" \/>\n<meta property=\"og:title\" content=\"Premezcla de Vitamina B9 (\u00e1cido f\u00f3lico) soluble - Functional Foods Development &amp; Manufacturing | Kemtia\" \/>\n<meta property=\"og:description\" content=\"Fabricante y proveedor de Premezcla de Vitamina B9 (\u00e1cido f\u00f3lico) soluble. Ideal para suministro a granel en las industrias alimentaria, farmac\u00e9utica y cosm\u00e9tica.\" \/>\n<meta property=\"og:url\" content=\"https:\/\/kemtia.com\/es\/product\/vitamina-b9-acido-folico-soluble\/\" \/>\n<meta property=\"og:site_name\" content=\"Functional Foods Development &amp; Manufacturing | Kemtia\" \/>\n<meta property=\"article:modified_time\" content=\"2025-06-10T10:49:05+00:00\" \/>\n<meta property=\"og:image\" content=\"https:\/\/kemtia.com\/wp-content\/uploads\/2025\/03\/Vitamina-B9-Acido-folico-Hidrosoluble.png\" \/>\n\t<meta property=\"og:image:width\" content=\"1080\" \/>\n\t<meta property=\"og:image:height\" content=\"1080\" \/>\n\t<meta property=\"og:image:type\" content=\"image\/png\" \/>\n<meta name=\"twitter:card\" content=\"summary_large_image\" \/>\n<meta name=\"twitter:label1\" content=\"Tiempo de lectura\" \/>\n\t<meta name=\"twitter:data1\" content=\"1 minuto\" \/>\n<script type=\"application\/ld+json\" class=\"yoast-schema-graph\">{\"@context\":\"https:\/\/schema.org\",\"@graph\":[{\"@type\":\"WebPage\",\"@id\":\"https:\/\/kemtia.com\/es\/product\/vitamina-b9-acido-folico-soluble\/\",\"url\":\"https:\/\/kemtia.com\/es\/product\/vitamina-b9-acido-folico-soluble\/\",\"name\":\"Premezcla de Vitamina B9 (\u00e1cido f\u00f3lico) soluble - Functional Foods Development &amp; Manufacturing | Kemtia\",\"isPartOf\":{\"@id\":\"https:\/\/kemtia.com\/#website\"},\"primaryImageOfPage\":{\"@id\":\"https:\/\/kemtia.com\/es\/product\/vitamina-b9-acido-folico-soluble\/#primaryimage\"},\"image\":{\"@id\":\"https:\/\/kemtia.com\/es\/product\/vitamina-b9-acido-folico-soluble\/#primaryimage\"},\"thumbnailUrl\":\"https:\/\/kemtia.com\/wp-content\/uploads\/2025\/03\/Vitamina-B9-Acido-folico-Hidrosoluble.png\",\"datePublished\":\"2025-03-10T09:28:19+00:00\",\"dateModified\":\"2025-06-10T10:49:05+00:00\",\"description\":\"Fabricante y proveedor de Premezcla de Vitamina B9 (\u00e1cido f\u00f3lico) soluble. Ideal para suministro a granel en las industrias alimentaria, farmac\u00e9utica y cosm\u00e9tica.\",\"breadcrumb\":{\"@id\":\"https:\/\/kemtia.com\/es\/product\/vitamina-b9-acido-folico-soluble\/#breadcrumb\"},\"inLanguage\":\"es\",\"potentialAction\":[{\"@type\":\"ReadAction\",\"target\":[\"https:\/\/kemtia.com\/es\/product\/vitamina-b9-acido-folico-soluble\/\"]}]},{\"@type\":\"ImageObject\",\"inLanguage\":\"es\",\"@id\":\"https:\/\/kemtia.com\/es\/product\/vitamina-b9-acido-folico-soluble\/#primaryimage\",\"url\":\"https:\/\/kemtia.com\/wp-content\/uploads\/2025\/03\/Vitamina-B9-Acido-folico-Hidrosoluble.png\",\"contentUrl\":\"https:\/\/kemtia.com\/wp-content\/uploads\/2025\/03\/Vitamina-B9-Acido-folico-Hidrosoluble.png\",\"width\":1080,\"height\":1080,\"caption\":\"manufacturers of Vitamin B9\"},{\"@type\":\"BreadcrumbList\",\"@id\":\"https:\/\/kemtia.com\/es\/product\/vitamina-b9-acido-folico-soluble\/#breadcrumb\",\"itemListElement\":[{\"@type\":\"ListItem\",\"position\":1,\"name\":\"Home\",\"item\":\"https:\/\/kemtia.com\/es\/inicio\/\"},{\"@type\":\"ListItem\",\"position\":2,\"name\":\"Shop\",\"item\":\"https:\/\/kemtia.com\/shop\/\"},{\"@type\":\"ListItem\",\"position\":3,\"name\":\"Premezcla de Vitamina B9 (\u00e1cido f\u00f3lico) soluble\"}]},{\"@type\":\"WebSite\",\"@id\":\"https:\/\/kemtia.com\/#website\",\"url\":\"https:\/\/kemtia.com\/\",\"name\":\"Functional Foods Development &amp; Manufacturing | Kemtia\",\"description\":\"\",\"potentialAction\":[{\"@type\":\"SearchAction\",\"target\":{\"@type\":\"EntryPoint\",\"urlTemplate\":\"https:\/\/kemtia.com\/?s={search_term_string}\"},\"query-input\":{\"@type\":\"PropertyValueSpecification\",\"valueRequired\":true,\"valueName\":\"search_term_string\"}}],\"inLanguage\":\"es\"}]}<\/script>\n<!-- \/ Yoast SEO plugin. -->","yoast_head_json":{"title":"Premezcla de Vitamina B9 (\u00e1cido f\u00f3lico) soluble - Functional Foods Development &amp; Manufacturing | Kemtia","description":"Fabricante y proveedor de Premezcla de Vitamina B9 (\u00e1cido f\u00f3lico) soluble. Ideal para suministro a granel en las industrias alimentaria, farmac\u00e9utica y cosm\u00e9tica.","robots":{"index":"index","follow":"follow","max-snippet":"max-snippet:-1","max-image-preview":"max-image-preview:large","max-video-preview":"max-video-preview:-1"},"canonical":"https:\/\/kemtia.com\/es\/product\/vitamina-b9-acido-folico-soluble\/","og_locale":"es_ES","og_type":"article","og_title":"Premezcla de Vitamina B9 (\u00e1cido f\u00f3lico) soluble - Functional Foods Development &amp; Manufacturing | Kemtia","og_description":"Fabricante y proveedor de Premezcla de Vitamina B9 (\u00e1cido f\u00f3lico) soluble. Ideal para suministro a granel en las industrias alimentaria, farmac\u00e9utica y cosm\u00e9tica.","og_url":"https:\/\/kemtia.com\/es\/product\/vitamina-b9-acido-folico-soluble\/","og_site_name":"Functional Foods Development &amp; Manufacturing | Kemtia","article_modified_time":"2025-06-10T10:49:05+00:00","og_image":[{"width":1080,"height":1080,"url":"https:\/\/kemtia.com\/wp-content\/uploads\/2025\/03\/Vitamina-B9-Acido-folico-Hidrosoluble.png","type":"image\/png"}],"twitter_card":"summary_large_image","twitter_misc":{"Tiempo de lectura":"1 minuto"},"schema":{"@context":"https:\/\/schema.org","@graph":[{"@type":"WebPage","@id":"https:\/\/kemtia.com\/es\/product\/vitamina-b9-acido-folico-soluble\/","url":"https:\/\/kemtia.com\/es\/product\/vitamina-b9-acido-folico-soluble\/","name":"Premezcla de Vitamina B9 (\u00e1cido f\u00f3lico) soluble - Functional Foods Development &amp; Manufacturing | Kemtia","isPartOf":{"@id":"https:\/\/kemtia.com\/#website"},"primaryImageOfPage":{"@id":"https:\/\/kemtia.com\/es\/product\/vitamina-b9-acido-folico-soluble\/#primaryimage"},"image":{"@id":"https:\/\/kemtia.com\/es\/product\/vitamina-b9-acido-folico-soluble\/#primaryimage"},"thumbnailUrl":"https:\/\/kemtia.com\/wp-content\/uploads\/2025\/03\/Vitamina-B9-Acido-folico-Hidrosoluble.png","datePublished":"2025-03-10T09:28:19+00:00","dateModified":"2025-06-10T10:49:05+00:00","description":"Fabricante y proveedor de Premezcla de Vitamina B9 (\u00e1cido f\u00f3lico) soluble. Ideal para suministro a granel en las industrias alimentaria, farmac\u00e9utica y cosm\u00e9tica.","breadcrumb":{"@id":"https:\/\/kemtia.com\/es\/product\/vitamina-b9-acido-folico-soluble\/#breadcrumb"},"inLanguage":"es","potentialAction":[{"@type":"ReadAction","target":["https:\/\/kemtia.com\/es\/product\/vitamina-b9-acido-folico-soluble\/"]}]},{"@type":"ImageObject","inLanguage":"es","@id":"https:\/\/kemtia.com\/es\/product\/vitamina-b9-acido-folico-soluble\/#primaryimage","url":"https:\/\/kemtia.com\/wp-content\/uploads\/2025\/03\/Vitamina-B9-Acido-folico-Hidrosoluble.png","contentUrl":"https:\/\/kemtia.com\/wp-content\/uploads\/2025\/03\/Vitamina-B9-Acido-folico-Hidrosoluble.png","width":1080,"height":1080,"caption":"manufacturers of Vitamin B9"},{"@type":"BreadcrumbList","@id":"https:\/\/kemtia.com\/es\/product\/vitamina-b9-acido-folico-soluble\/#breadcrumb","itemListElement":[{"@type":"ListItem","position":1,"name":"Home","item":"https:\/\/kemtia.com\/es\/inicio\/"},{"@type":"ListItem","position":2,"name":"Shop","item":"https:\/\/kemtia.com\/shop\/"},{"@type":"ListItem","position":3,"name":"Premezcla de Vitamina B9 (\u00e1cido f\u00f3lico) soluble"}]},{"@type":"WebSite","@id":"https:\/\/kemtia.com\/#website","url":"https:\/\/kemtia.com\/","name":"Functional Foods Development &amp; Manufacturing | Kemtia","description":"","potentialAction":[{"@type":"SearchAction","target":{"@type":"EntryPoint","urlTemplate":"https:\/\/kemtia.com\/?s={search_term_string}"},"query-input":{"@type":"PropertyValueSpecification","valueRequired":true,"valueName":"search_term_string"}}],"inLanguage":"es"}]}},"_links":{"self":[{"href":"https:\/\/kemtia.com\/es\/wp-json\/wp\/v2\/product\/2526","targetHints":{"allow":["GET"]}}],"collection":[{"href":"https:\/\/kemtia.com\/es\/wp-json\/wp\/v2\/product"}],"about":[{"href":"https:\/\/kemtia.com\/es\/wp-json\/wp\/v2\/types\/product"}],"replies":[{"embeddable":true,"href":"https:\/\/kemtia.com\/es\/wp-json\/wp\/v2\/comments?post=2526"}],"wp:featuredmedia":[{"embeddable":true,"href":"https:\/\/kemtia.com\/es\/wp-json\/wp\/v2\/media\/2219"}],"wp:attachment":[{"href":"https:\/\/kemtia.com\/es\/wp-json\/wp\/v2\/media?parent=2526"}],"wp:term":[{"taxonomy":"product_cat","embeddable":true,"href":"https:\/\/kemtia.com\/es\/wp-json\/wp\/v2\/product_cat?post=2526"},{"taxonomy":"product_tag","embeddable":true,"href":"https:\/\/kemtia.com\/es\/wp-json\/wp\/v2\/product_tag?post=2526"}],"curies":[{"name":"wp","href":"https:\/\/api.w.org\/{rel}","templated":true}]}}