{"id":2529,"date":"2025-03-10T10:26:01","date_gmt":"2025-03-10T09:26:01","guid":{"rendered":"https:\/\/kemtia.com\/product\/vitamin-b7-biotin-watersoluble\/"},"modified":"2025-06-10T11:42:48","modified_gmt":"2025-06-10T10:42:48","slug":"vitamina-b7-biotina-soluble","status":"publish","type":"product","link":"https:\/\/kemtia.com\/es\/product\/vitamina-b7-biotina-soluble\/","title":{"rendered":"Premezcla de Vitamina B7 (Biotina) Soluble"},"content":{"rendered":"<p><span style=\"color: #000000; font-family: Georgia, Palatino;\"><span style=\"font-weight: 400;\">Como <b>fabricantes y distribuidores de premezclas de vitamina B7<\/b>, ofrecemos biotina de alta calidad para aplicaciones de salud y belleza. La vitamina B7, o biotina, es fundamental para mantener un cabello fuerte, una piel sana y u\u00f1as resistentes. <\/span><\/span><\/p>\n<p><span style=\"color: #000000; font-family: Georgia, Palatino;\"><span style=\"font-weight: 400;\">Adem\u00e1s como <b>fabricantes y distribuidores de premezclas de biotina<\/b>, esta vitamina es esencial, ya que, act\u00faa como coenzima en la s\u00edntesis de \u00e1cidos grasos y el metabolismo de amino\u00e1cidos de cadena ramificada, desempe\u00f1ando un papel fundamental en la renovaci\u00f3n celular y el mantenimiento de los tejidos.<br \/>\n<\/span><\/span><\/p>\n<h3 style=\"color: #000000; font-family: Georgia, Palatino;\"><span style=\"font-weight: 400;\">Fabricante de <\/span><\/h3>\n<p><span style=\"color: #000000; font-family: Georgia, Palatino;\"><span style=\"font-weight: 400;\">En Kemtia, nos enorgullecemos de ser fabricantes de . Nuestro producto destaca por su calidad y eficacia superiores, cumpliendo con los m\u00e1s estrictos est\u00e1ndares internacionales. Si le interesa adquirir  o necesita m\u00e1s informaci\u00f3n, no dude en contactarnos. Nuestro equipo de expertos est\u00e1 listo para brindarle informaci\u00f3n detallada sobre el producto y asistencia para satisfacer sus necesidades espec\u00edficas.<\/span><\/span><\/p>\n<h3 style=\"color: #000000; font-family: Georgia, Palatino;\"><span style=\"font-weight: 400;\">Proveedor de <\/span><\/h3>\n<p><span style=\"color: #000000; font-family: Georgia, Palatino;\"><span style=\"font-weight: 400;\">C\u00f3mo proveedores de , Kemtia ofrece soluciones integrales para empresas que requieren grandes cantidades de este nutriente esencial. Nuestra capacidad de distribuci\u00f3n al por mayor nos permite satisfacer la demanda de clientes de diversos sectores, como el farmac\u00e9utico, el alimentario y el cosm\u00e9tico. Si desea obtener m\u00e1s informaci\u00f3n sobre nuestros servicios de distribuci\u00f3n y las ventajas de adquirir , cont\u00e1ctenos. Nos dedicamos a brindar un servicio excepcional y productos de la m\u00e1s alta calidad a todos nuestros clientes.<\/span><\/span><\/p>\n","protected":false},"excerpt":{"rendered":"<p>Como fabricantes y distribuidores de premezclas de vitamina B7, ofrecemos biotina de alta calidad para aplicaciones de salud y belleza. La vitamina B7, o biotina, es fundamental para mantener un cabello fuerte, una piel sana y u\u00f1as resistentes. Adem\u00e1s como fabricantes y distribuidores de premezclas de biotina, esta vitamina es esencial, ya que, act\u00faa como [&hellip;]<\/p>\n","protected":false},"featured_media":2215,"comment_status":"open","ping_status":"closed","template":"","meta":{"_acf_changed":false},"product_cat":[37],"product_tag":[],"class_list":{"0":"post-2529","1":"product","2":"type-product","3":"status-publish","4":"has-post-thumbnail","6":"product_cat-hidrosolubles-es","8":"first","9":"instock","10":"shipping-taxable","11":"product-type-simple"},"acf":[],"yoast_head":"<!-- This site is optimized with the Yoast SEO plugin v26.9 - https:\/\/yoast.com\/product\/yoast-seo-wordpress\/ -->\n<title>Premezcla de Vitamina B7 (Biotina) Soluble - Functional Foods Development &amp; Manufacturing | Kemtia<\/title>\n<meta name=\"description\" content=\"Fabricante y proveedor de Premezcla de Vitamina B7 (Biotina) Soluble. Ideal para suministro a granel en las industrias alimentaria, farmac\u00e9utica y cosm\u00e9tica.\" \/>\n<meta name=\"robots\" content=\"index, follow, max-snippet:-1, max-image-preview:large, max-video-preview:-1\" \/>\n<link rel=\"canonical\" href=\"https:\/\/kemtia.com\/es\/product\/vitamina-b7-biotina-soluble\/\" \/>\n<meta property=\"og:locale\" content=\"es_ES\" \/>\n<meta property=\"og:type\" content=\"article\" \/>\n<meta property=\"og:title\" content=\"Premezcla de Vitamina B7 (Biotina) Soluble - Functional Foods Development &amp; Manufacturing | Kemtia\" \/>\n<meta property=\"og:description\" content=\"Fabricante y proveedor de Premezcla de Vitamina B7 (Biotina) Soluble. Ideal para suministro a granel en las industrias alimentaria, farmac\u00e9utica y cosm\u00e9tica.\" \/>\n<meta property=\"og:url\" content=\"https:\/\/kemtia.com\/es\/product\/vitamina-b7-biotina-soluble\/\" \/>\n<meta property=\"og:site_name\" content=\"Functional Foods Development &amp; Manufacturing | Kemtia\" \/>\n<meta property=\"article:modified_time\" content=\"2025-06-10T10:42:48+00:00\" \/>\n<meta property=\"og:image\" content=\"https:\/\/kemtia.com\/wp-content\/uploads\/2025\/03\/Vitamina-B7-o-H-Biotina-Hidrosoluble.png\" \/>\n\t<meta property=\"og:image:width\" content=\"1080\" \/>\n\t<meta property=\"og:image:height\" content=\"1080\" \/>\n\t<meta property=\"og:image:type\" content=\"image\/png\" \/>\n<meta name=\"twitter:card\" content=\"summary_large_image\" \/>\n<meta name=\"twitter:label1\" content=\"Tiempo de lectura\" \/>\n\t<meta name=\"twitter:data1\" content=\"2 minutos\" \/>\n<script type=\"application\/ld+json\" class=\"yoast-schema-graph\">{\"@context\":\"https:\/\/schema.org\",\"@graph\":[{\"@type\":\"WebPage\",\"@id\":\"https:\/\/kemtia.com\/es\/product\/vitamina-b7-biotina-soluble\/\",\"url\":\"https:\/\/kemtia.com\/es\/product\/vitamina-b7-biotina-soluble\/\",\"name\":\"Premezcla de Vitamina B7 (Biotina) Soluble - Functional Foods Development &amp; Manufacturing | Kemtia\",\"isPartOf\":{\"@id\":\"https:\/\/kemtia.com\/#website\"},\"primaryImageOfPage\":{\"@id\":\"https:\/\/kemtia.com\/es\/product\/vitamina-b7-biotina-soluble\/#primaryimage\"},\"image\":{\"@id\":\"https:\/\/kemtia.com\/es\/product\/vitamina-b7-biotina-soluble\/#primaryimage\"},\"thumbnailUrl\":\"https:\/\/kemtia.com\/wp-content\/uploads\/2025\/03\/Vitamina-B7-o-H-Biotina-Hidrosoluble.png\",\"datePublished\":\"2025-03-10T09:26:01+00:00\",\"dateModified\":\"2025-06-10T10:42:48+00:00\",\"description\":\"Fabricante y proveedor de Premezcla de Vitamina B7 (Biotina) Soluble. Ideal para suministro a granel en las industrias alimentaria, farmac\u00e9utica y cosm\u00e9tica.\",\"breadcrumb\":{\"@id\":\"https:\/\/kemtia.com\/es\/product\/vitamina-b7-biotina-soluble\/#breadcrumb\"},\"inLanguage\":\"es\",\"potentialAction\":[{\"@type\":\"ReadAction\",\"target\":[\"https:\/\/kemtia.com\/es\/product\/vitamina-b7-biotina-soluble\/\"]}]},{\"@type\":\"ImageObject\",\"inLanguage\":\"es\",\"@id\":\"https:\/\/kemtia.com\/es\/product\/vitamina-b7-biotina-soluble\/#primaryimage\",\"url\":\"https:\/\/kemtia.com\/wp-content\/uploads\/2025\/03\/Vitamina-B7-o-H-Biotina-Hidrosoluble.png\",\"contentUrl\":\"https:\/\/kemtia.com\/wp-content\/uploads\/2025\/03\/Vitamina-B7-o-H-Biotina-Hidrosoluble.png\",\"width\":1080,\"height\":1080,\"caption\":\"manufacturers of Vitamin B7\"},{\"@type\":\"BreadcrumbList\",\"@id\":\"https:\/\/kemtia.com\/es\/product\/vitamina-b7-biotina-soluble\/#breadcrumb\",\"itemListElement\":[{\"@type\":\"ListItem\",\"position\":1,\"name\":\"Home\",\"item\":\"https:\/\/kemtia.com\/es\/inicio\/\"},{\"@type\":\"ListItem\",\"position\":2,\"name\":\"Shop\",\"item\":\"https:\/\/kemtia.com\/shop\/\"},{\"@type\":\"ListItem\",\"position\":3,\"name\":\"Premezcla de Vitamina B7 (Biotina) Soluble\"}]},{\"@type\":\"WebSite\",\"@id\":\"https:\/\/kemtia.com\/#website\",\"url\":\"https:\/\/kemtia.com\/\",\"name\":\"Functional Foods Development &amp; Manufacturing | Kemtia\",\"description\":\"\",\"potentialAction\":[{\"@type\":\"SearchAction\",\"target\":{\"@type\":\"EntryPoint\",\"urlTemplate\":\"https:\/\/kemtia.com\/?s={search_term_string}\"},\"query-input\":{\"@type\":\"PropertyValueSpecification\",\"valueRequired\":true,\"valueName\":\"search_term_string\"}}],\"inLanguage\":\"es\"}]}<\/script>\n<!-- \/ Yoast SEO plugin. -->","yoast_head_json":{"title":"Premezcla de Vitamina B7 (Biotina) Soluble - Functional Foods Development &amp; Manufacturing | Kemtia","description":"Fabricante y proveedor de Premezcla de Vitamina B7 (Biotina) Soluble. Ideal para suministro a granel en las industrias alimentaria, farmac\u00e9utica y cosm\u00e9tica.","robots":{"index":"index","follow":"follow","max-snippet":"max-snippet:-1","max-image-preview":"max-image-preview:large","max-video-preview":"max-video-preview:-1"},"canonical":"https:\/\/kemtia.com\/es\/product\/vitamina-b7-biotina-soluble\/","og_locale":"es_ES","og_type":"article","og_title":"Premezcla de Vitamina B7 (Biotina) Soluble - Functional Foods Development &amp; Manufacturing | Kemtia","og_description":"Fabricante y proveedor de Premezcla de Vitamina B7 (Biotina) Soluble. Ideal para suministro a granel en las industrias alimentaria, farmac\u00e9utica y cosm\u00e9tica.","og_url":"https:\/\/kemtia.com\/es\/product\/vitamina-b7-biotina-soluble\/","og_site_name":"Functional Foods Development &amp; Manufacturing | Kemtia","article_modified_time":"2025-06-10T10:42:48+00:00","og_image":[{"width":1080,"height":1080,"url":"https:\/\/kemtia.com\/wp-content\/uploads\/2025\/03\/Vitamina-B7-o-H-Biotina-Hidrosoluble.png","type":"image\/png"}],"twitter_card":"summary_large_image","twitter_misc":{"Tiempo de lectura":"2 minutos"},"schema":{"@context":"https:\/\/schema.org","@graph":[{"@type":"WebPage","@id":"https:\/\/kemtia.com\/es\/product\/vitamina-b7-biotina-soluble\/","url":"https:\/\/kemtia.com\/es\/product\/vitamina-b7-biotina-soluble\/","name":"Premezcla de Vitamina B7 (Biotina) Soluble - Functional Foods Development &amp; Manufacturing | Kemtia","isPartOf":{"@id":"https:\/\/kemtia.com\/#website"},"primaryImageOfPage":{"@id":"https:\/\/kemtia.com\/es\/product\/vitamina-b7-biotina-soluble\/#primaryimage"},"image":{"@id":"https:\/\/kemtia.com\/es\/product\/vitamina-b7-biotina-soluble\/#primaryimage"},"thumbnailUrl":"https:\/\/kemtia.com\/wp-content\/uploads\/2025\/03\/Vitamina-B7-o-H-Biotina-Hidrosoluble.png","datePublished":"2025-03-10T09:26:01+00:00","dateModified":"2025-06-10T10:42:48+00:00","description":"Fabricante y proveedor de Premezcla de Vitamina B7 (Biotina) Soluble. Ideal para suministro a granel en las industrias alimentaria, farmac\u00e9utica y cosm\u00e9tica.","breadcrumb":{"@id":"https:\/\/kemtia.com\/es\/product\/vitamina-b7-biotina-soluble\/#breadcrumb"},"inLanguage":"es","potentialAction":[{"@type":"ReadAction","target":["https:\/\/kemtia.com\/es\/product\/vitamina-b7-biotina-soluble\/"]}]},{"@type":"ImageObject","inLanguage":"es","@id":"https:\/\/kemtia.com\/es\/product\/vitamina-b7-biotina-soluble\/#primaryimage","url":"https:\/\/kemtia.com\/wp-content\/uploads\/2025\/03\/Vitamina-B7-o-H-Biotina-Hidrosoluble.png","contentUrl":"https:\/\/kemtia.com\/wp-content\/uploads\/2025\/03\/Vitamina-B7-o-H-Biotina-Hidrosoluble.png","width":1080,"height":1080,"caption":"manufacturers of Vitamin B7"},{"@type":"BreadcrumbList","@id":"https:\/\/kemtia.com\/es\/product\/vitamina-b7-biotina-soluble\/#breadcrumb","itemListElement":[{"@type":"ListItem","position":1,"name":"Home","item":"https:\/\/kemtia.com\/es\/inicio\/"},{"@type":"ListItem","position":2,"name":"Shop","item":"https:\/\/kemtia.com\/shop\/"},{"@type":"ListItem","position":3,"name":"Premezcla de Vitamina B7 (Biotina) Soluble"}]},{"@type":"WebSite","@id":"https:\/\/kemtia.com\/#website","url":"https:\/\/kemtia.com\/","name":"Functional Foods Development &amp; Manufacturing | Kemtia","description":"","potentialAction":[{"@type":"SearchAction","target":{"@type":"EntryPoint","urlTemplate":"https:\/\/kemtia.com\/?s={search_term_string}"},"query-input":{"@type":"PropertyValueSpecification","valueRequired":true,"valueName":"search_term_string"}}],"inLanguage":"es"}]}},"_links":{"self":[{"href":"https:\/\/kemtia.com\/es\/wp-json\/wp\/v2\/product\/2529","targetHints":{"allow":["GET"]}}],"collection":[{"href":"https:\/\/kemtia.com\/es\/wp-json\/wp\/v2\/product"}],"about":[{"href":"https:\/\/kemtia.com\/es\/wp-json\/wp\/v2\/types\/product"}],"replies":[{"embeddable":true,"href":"https:\/\/kemtia.com\/es\/wp-json\/wp\/v2\/comments?post=2529"}],"wp:featuredmedia":[{"embeddable":true,"href":"https:\/\/kemtia.com\/es\/wp-json\/wp\/v2\/media\/2215"}],"wp:attachment":[{"href":"https:\/\/kemtia.com\/es\/wp-json\/wp\/v2\/media?parent=2529"}],"wp:term":[{"taxonomy":"product_cat","embeddable":true,"href":"https:\/\/kemtia.com\/es\/wp-json\/wp\/v2\/product_cat?post=2529"},{"taxonomy":"product_tag","embeddable":true,"href":"https:\/\/kemtia.com\/es\/wp-json\/wp\/v2\/product_tag?post=2529"}],"curies":[{"name":"wp","href":"https:\/\/api.w.org\/{rel}","templated":true}]}}