{"id":2547,"date":"2024-12-18T16:49:48","date_gmt":"2024-12-18T15:49:48","guid":{"rendered":"https:\/\/kemtia.com\/product\/premixes\/"},"modified":"2025-05-27T11:50:49","modified_gmt":"2025-05-27T10:50:49","slug":"premezclas","status":"publish","type":"product","link":"https:\/\/kemtia.com\/es\/product\/premezclas\/","title":{"rendered":"Premezclas"},"content":{"rendered":"<p class=\"p1\">Las <b>premezclas de fortificaci\u00f3n de Productos Aditivos<\/b> son mezclas especialmente dise\u00f1adas que ofrecen soluciones personalizadas para las industrias alimentaria y farmac\u00e9utica. Con una amplia experiencia en <b>I+D, producci\u00f3n, control y seguro de calidad<\/b>, garantizamos f\u00f3rmulas precisas y eficientes para enriquecer productos con <strong>vitaminas, minerales y otros ingredientes esenciales.<\/strong><\/p>\n<p><span style=\"font-weight: 400;\">Nuestra especializaci\u00f3n en premezclas de fortificaci\u00f3n nos permite desarrollar soluciones a medida que satisfacen las necesidades espec\u00edficas de cada cliente, <b>optimizando la calidad nutricional y funcional<\/b> de sus productos finales.<\/span><\/p>\n","protected":false},"excerpt":{"rendered":"<p>Las premezclas de fortificaci\u00f3n de Productos Aditivos son mezclas especialmente dise\u00f1adas que ofrecen soluciones personalizadas para las industrias alimentaria y farmac\u00e9utica. Con una amplia experiencia en I+D, producci\u00f3n, control y seguro de calidad, garantizamos f\u00f3rmulas precisas y eficientes para enriquecer productos con vitaminas, minerales y otros ingredientes esenciales. Nuestra especializaci\u00f3n en premezclas de fortificaci\u00f3n nos [&hellip;]<\/p>\n","protected":false},"featured_media":1393,"comment_status":"open","ping_status":"closed","template":"","meta":{"_acf_changed":false},"product_cat":[38],"product_tag":[],"class_list":{"0":"post-2547","1":"product","2":"type-product","3":"status-publish","4":"has-post-thumbnail","6":"product_cat-liposolubles-es","8":"first","9":"instock","10":"shipping-taxable","11":"product-type-simple"},"acf":[],"yoast_head":"<!-- This site is optimized with the Yoast SEO plugin v26.9 - https:\/\/yoast.com\/product\/yoast-seo-wordpress\/ -->\n<title>Premezclas - Functional Foods Development &amp; Manufacturing | Kemtia<\/title>\n<meta name=\"description\" content=\"Fabricante y proveedor de Premezclas. Ideal para suministro a granel en las industrias alimentaria, farmac\u00e9utica y cosm\u00e9tica.\" \/>\n<meta name=\"robots\" content=\"index, follow, max-snippet:-1, max-image-preview:large, max-video-preview:-1\" \/>\n<link rel=\"canonical\" href=\"https:\/\/kemtia.com\/es\/product\/premezclas\/\" \/>\n<meta property=\"og:locale\" content=\"es_ES\" \/>\n<meta property=\"og:type\" content=\"article\" \/>\n<meta property=\"og:title\" content=\"Premezclas - Functional Foods Development &amp; Manufacturing | Kemtia\" \/>\n<meta property=\"og:description\" content=\"Fabricante y proveedor de Premezclas. Ideal para suministro a granel en las industrias alimentaria, farmac\u00e9utica y cosm\u00e9tica.\" \/>\n<meta property=\"og:url\" content=\"https:\/\/kemtia.com\/es\/product\/premezclas\/\" \/>\n<meta property=\"og:site_name\" content=\"Functional Foods Development &amp; Manufacturing | Kemtia\" \/>\n<meta property=\"article:modified_time\" content=\"2025-05-27T10:50:49+00:00\" \/>\n<meta property=\"og:image\" content=\"https:\/\/kemtia.com\/wp-content\/uploads\/2015\/07\/maquina1.jpg\" \/>\n\t<meta property=\"og:image:width\" content=\"1500\" \/>\n\t<meta property=\"og:image:height\" content=\"1000\" \/>\n\t<meta property=\"og:image:type\" content=\"image\/jpeg\" \/>\n<meta name=\"twitter:card\" content=\"summary_large_image\" \/>\n<meta name=\"twitter:label1\" content=\"Tiempo de lectura\" \/>\n\t<meta name=\"twitter:data1\" content=\"1 minuto\" \/>\n<script type=\"application\/ld+json\" class=\"yoast-schema-graph\">{\"@context\":\"https:\/\/schema.org\",\"@graph\":[{\"@type\":\"WebPage\",\"@id\":\"https:\/\/kemtia.com\/es\/product\/premezclas\/\",\"url\":\"https:\/\/kemtia.com\/es\/product\/premezclas\/\",\"name\":\"Premezclas - Functional Foods Development &amp; Manufacturing | Kemtia\",\"isPartOf\":{\"@id\":\"https:\/\/kemtia.com\/#website\"},\"primaryImageOfPage\":{\"@id\":\"https:\/\/kemtia.com\/es\/product\/premezclas\/#primaryimage\"},\"image\":{\"@id\":\"https:\/\/kemtia.com\/es\/product\/premezclas\/#primaryimage\"},\"thumbnailUrl\":\"https:\/\/kemtia.com\/wp-content\/uploads\/2015\/07\/maquina1.jpg\",\"datePublished\":\"2024-12-18T15:49:48+00:00\",\"dateModified\":\"2025-05-27T10:50:49+00:00\",\"description\":\"Fabricante y proveedor de Premezclas. Ideal para suministro a granel en las industrias alimentaria, farmac\u00e9utica y cosm\u00e9tica.\",\"breadcrumb\":{\"@id\":\"https:\/\/kemtia.com\/es\/product\/premezclas\/#breadcrumb\"},\"inLanguage\":\"es\",\"potentialAction\":[{\"@type\":\"ReadAction\",\"target\":[\"https:\/\/kemtia.com\/es\/product\/premezclas\/\"]}]},{\"@type\":\"ImageObject\",\"inLanguage\":\"es\",\"@id\":\"https:\/\/kemtia.com\/es\/product\/premezclas\/#primaryimage\",\"url\":\"https:\/\/kemtia.com\/wp-content\/uploads\/2015\/07\/maquina1.jpg\",\"contentUrl\":\"https:\/\/kemtia.com\/wp-content\/uploads\/2015\/07\/maquina1.jpg\",\"width\":1500,\"height\":1000,\"caption\":\"fortification premixes\"},{\"@type\":\"BreadcrumbList\",\"@id\":\"https:\/\/kemtia.com\/es\/product\/premezclas\/#breadcrumb\",\"itemListElement\":[{\"@type\":\"ListItem\",\"position\":1,\"name\":\"Home\",\"item\":\"https:\/\/kemtia.com\/es\/inicio\/\"},{\"@type\":\"ListItem\",\"position\":2,\"name\":\"Shop\",\"item\":\"https:\/\/kemtia.com\/shop\/\"},{\"@type\":\"ListItem\",\"position\":3,\"name\":\"Premezclas\"}]},{\"@type\":\"WebSite\",\"@id\":\"https:\/\/kemtia.com\/#website\",\"url\":\"https:\/\/kemtia.com\/\",\"name\":\"Functional Foods Development &amp; Manufacturing | Kemtia\",\"description\":\"\",\"potentialAction\":[{\"@type\":\"SearchAction\",\"target\":{\"@type\":\"EntryPoint\",\"urlTemplate\":\"https:\/\/kemtia.com\/?s={search_term_string}\"},\"query-input\":{\"@type\":\"PropertyValueSpecification\",\"valueRequired\":true,\"valueName\":\"search_term_string\"}}],\"inLanguage\":\"es\"}]}<\/script>\n<!-- \/ Yoast SEO plugin. -->","yoast_head_json":{"title":"Premezclas - Functional Foods Development &amp; Manufacturing | Kemtia","description":"Fabricante y proveedor de Premezclas. Ideal para suministro a granel en las industrias alimentaria, farmac\u00e9utica y cosm\u00e9tica.","robots":{"index":"index","follow":"follow","max-snippet":"max-snippet:-1","max-image-preview":"max-image-preview:large","max-video-preview":"max-video-preview:-1"},"canonical":"https:\/\/kemtia.com\/es\/product\/premezclas\/","og_locale":"es_ES","og_type":"article","og_title":"Premezclas - Functional Foods Development &amp; Manufacturing | Kemtia","og_description":"Fabricante y proveedor de Premezclas. Ideal para suministro a granel en las industrias alimentaria, farmac\u00e9utica y cosm\u00e9tica.","og_url":"https:\/\/kemtia.com\/es\/product\/premezclas\/","og_site_name":"Functional Foods Development &amp; Manufacturing | Kemtia","article_modified_time":"2025-05-27T10:50:49+00:00","og_image":[{"width":1500,"height":1000,"url":"https:\/\/kemtia.com\/wp-content\/uploads\/2015\/07\/maquina1.jpg","type":"image\/jpeg"}],"twitter_card":"summary_large_image","twitter_misc":{"Tiempo de lectura":"1 minuto"},"schema":{"@context":"https:\/\/schema.org","@graph":[{"@type":"WebPage","@id":"https:\/\/kemtia.com\/es\/product\/premezclas\/","url":"https:\/\/kemtia.com\/es\/product\/premezclas\/","name":"Premezclas - Functional Foods Development &amp; Manufacturing | Kemtia","isPartOf":{"@id":"https:\/\/kemtia.com\/#website"},"primaryImageOfPage":{"@id":"https:\/\/kemtia.com\/es\/product\/premezclas\/#primaryimage"},"image":{"@id":"https:\/\/kemtia.com\/es\/product\/premezclas\/#primaryimage"},"thumbnailUrl":"https:\/\/kemtia.com\/wp-content\/uploads\/2015\/07\/maquina1.jpg","datePublished":"2024-12-18T15:49:48+00:00","dateModified":"2025-05-27T10:50:49+00:00","description":"Fabricante y proveedor de Premezclas. Ideal para suministro a granel en las industrias alimentaria, farmac\u00e9utica y cosm\u00e9tica.","breadcrumb":{"@id":"https:\/\/kemtia.com\/es\/product\/premezclas\/#breadcrumb"},"inLanguage":"es","potentialAction":[{"@type":"ReadAction","target":["https:\/\/kemtia.com\/es\/product\/premezclas\/"]}]},{"@type":"ImageObject","inLanguage":"es","@id":"https:\/\/kemtia.com\/es\/product\/premezclas\/#primaryimage","url":"https:\/\/kemtia.com\/wp-content\/uploads\/2015\/07\/maquina1.jpg","contentUrl":"https:\/\/kemtia.com\/wp-content\/uploads\/2015\/07\/maquina1.jpg","width":1500,"height":1000,"caption":"fortification premixes"},{"@type":"BreadcrumbList","@id":"https:\/\/kemtia.com\/es\/product\/premezclas\/#breadcrumb","itemListElement":[{"@type":"ListItem","position":1,"name":"Home","item":"https:\/\/kemtia.com\/es\/inicio\/"},{"@type":"ListItem","position":2,"name":"Shop","item":"https:\/\/kemtia.com\/shop\/"},{"@type":"ListItem","position":3,"name":"Premezclas"}]},{"@type":"WebSite","@id":"https:\/\/kemtia.com\/#website","url":"https:\/\/kemtia.com\/","name":"Functional Foods Development &amp; Manufacturing | Kemtia","description":"","potentialAction":[{"@type":"SearchAction","target":{"@type":"EntryPoint","urlTemplate":"https:\/\/kemtia.com\/?s={search_term_string}"},"query-input":{"@type":"PropertyValueSpecification","valueRequired":true,"valueName":"search_term_string"}}],"inLanguage":"es"}]}},"_links":{"self":[{"href":"https:\/\/kemtia.com\/es\/wp-json\/wp\/v2\/product\/2547","targetHints":{"allow":["GET"]}}],"collection":[{"href":"https:\/\/kemtia.com\/es\/wp-json\/wp\/v2\/product"}],"about":[{"href":"https:\/\/kemtia.com\/es\/wp-json\/wp\/v2\/types\/product"}],"replies":[{"embeddable":true,"href":"https:\/\/kemtia.com\/es\/wp-json\/wp\/v2\/comments?post=2547"}],"wp:featuredmedia":[{"embeddable":true,"href":"https:\/\/kemtia.com\/es\/wp-json\/wp\/v2\/media\/1393"}],"wp:attachment":[{"href":"https:\/\/kemtia.com\/es\/wp-json\/wp\/v2\/media?parent=2547"}],"wp:term":[{"taxonomy":"product_cat","embeddable":true,"href":"https:\/\/kemtia.com\/es\/wp-json\/wp\/v2\/product_cat?post=2547"},{"taxonomy":"product_tag","embeddable":true,"href":"https:\/\/kemtia.com\/es\/wp-json\/wp\/v2\/product_tag?post=2547"}],"curies":[{"name":"wp","href":"https:\/\/api.w.org\/{rel}","templated":true}]}}