{"id":2559,"date":"2024-12-16T09:40:47","date_gmt":"2024-12-16T08:40:47","guid":{"rendered":"https:\/\/kemtia.com\/product\/vitamin-k1-phytomenadione-liposoluble\/"},"modified":"2026-03-04T11:58:07","modified_gmt":"2026-03-04T10:58:07","slug":"vitamina-k1-fitomenadiona-liposoluble","status":"publish","type":"product","link":"https:\/\/kemtia.com\/es\/product\/vitamina-k1-fitomenadiona-liposoluble\/","title":{"rendered":"Premezcla de Vitamina K1 (fitomenadiona) liposoluble"},"content":{"rendered":"<p><span style=\"font-weight: 400; color: #000000;\"><span data-mce-type=\"bookmark\" style=\"display: inline-block; width: 0px; overflow: hidden; line-height: 0;\" class=\"mce_SELRES_start\">\ufeff<\/span>Como <b>fabricantes y distribuidores de premezclas de vitamina K1<\/b>, ofrecemos filoquinona de alta calidad para aplicaciones sanitarias y farmac\u00e9uticas. La vitamina K1, tambi\u00e9n conocida como filoquinona, es esencial para la coagulaci\u00f3n sangu\u00ednea, ya que permite la s\u00edntesis de prote\u00ednas hep\u00e1ticas necesarias para la coagulaci\u00f3n.<br \/>\n<\/span><\/p>\n<p class=\"p1\"><span style=\"color: #000000;\"><span style=\"font-weight: 400;\">Adem\u00e1s, como <b>fabricantes y distribuidores de premezclas de filoquinona<\/b>, los estudios destacan cada vez m\u00e1s su papel en el mantenimiento de huesos fuertes y sanos en adultos. Ayuda a prevenir hemorragias y a la reparaci\u00f3n de tejidos.<br \/>\n<\/span><\/span><\/p>\n<h3 style=\"color: #000000; font-family: Georgia, Palatino;\"><span style=\"font-weight: 400;\">Fabricante de <\/span><\/h3>\n<p><span style=\"color: #000000; font-family: Georgia, Palatino;\"><span style=\"font-weight: 400;\">En Kemtia, nos enorgullecemos de ser fabricantes de . Nuestro producto destaca por su calidad y eficacia superiores, cumpliendo con los m\u00e1s estrictos est\u00e1ndares internacionales. Si le interesa adquirir  o necesita m\u00e1s informaci\u00f3n, no dude en contactarnos. Nuestro equipo de expertos est\u00e1 listo para brindarle informaci\u00f3n detallada sobre el producto y asistencia para satisfacer sus necesidades espec\u00edficas.<\/span><\/span><\/p>\n<h3 style=\"color: #000000; font-family: Georgia, Palatino;\"><span style=\"font-weight: 400;\">Proveedor de <\/span><\/h3>\n<p><span style=\"color: #000000; font-family: Georgia, Palatino;\"><span style=\"font-weight: 400;\">C\u00f3mo proveedores de , Kemtia ofrece soluciones integrales para empresas que requieren grandes cantidades de este nutriente esencial. Nuestra capacidad de distribuci\u00f3n mayorista nos permite satisfacer la demanda de clientes de diversos sectores, como el farmac\u00e9utico, el alimentario y el cosm\u00e9tico. Si desea obtener m\u00e1s informaci\u00f3n sobre nuestros servicios de distribuci\u00f3n y las ventajas de adquirir , cont\u00e1ctenos. Nos dedicamos a brindar un servicio excepcional y productos de la m\u00e1s alta calidad a todos nuestros clientes.<\/span><\/span><\/p>\n","protected":false},"excerpt":{"rendered":"<p>\ufeffComo fabricantes y distribuidores de premezclas de vitamina K1, ofrecemos filoquinona de alta calidad para aplicaciones sanitarias y farmac\u00e9uticas. La vitamina K1, tambi\u00e9n conocida como filoquinona, es esencial para la coagulaci\u00f3n sangu\u00ednea, ya que permite la s\u00edntesis de prote\u00ednas hep\u00e1ticas necesarias para la coagulaci\u00f3n. Adem\u00e1s, como fabricantes y distribuidores de premezclas de filoquinona, los estudios [&hellip;]<\/p>\n","protected":false},"featured_media":1613,"comment_status":"open","ping_status":"closed","template":"","meta":{"_acf_changed":false},"product_cat":[38],"product_tag":[],"class_list":{"0":"post-2559","1":"product","2":"type-product","3":"status-publish","4":"has-post-thumbnail","6":"product_cat-liposolubles-es","8":"first","9":"instock","10":"shipping-taxable","11":"product-type-simple"},"acf":[],"yoast_head":"<!-- This site is optimized with the Yoast SEO plugin v26.9 - https:\/\/yoast.com\/product\/yoast-seo-wordpress\/ -->\n<title>Premezcla de Vitamina K1 (fitomenadiona) liposoluble - Functional Foods Development &amp; Manufacturing | Kemtia<\/title>\n<meta name=\"description\" content=\"Fabricante y proveedor de Premezcla de Vitamina K1 (fitomenadiona) liposoluble. Ideal para la industria alimentaria, farmac\u00e9utica y cosm\u00e9tica.\" \/>\n<meta name=\"robots\" content=\"index, follow, max-snippet:-1, max-image-preview:large, max-video-preview:-1\" \/>\n<link rel=\"canonical\" href=\"https:\/\/kemtia.com\/es\/product\/vitamina-k1-fitomenadiona-liposoluble\/\" \/>\n<meta property=\"og:locale\" content=\"es_ES\" \/>\n<meta property=\"og:type\" content=\"article\" \/>\n<meta property=\"og:title\" content=\"Premezcla de Vitamina K1 (fitomenadiona) liposoluble - Functional Foods Development &amp; Manufacturing | Kemtia\" \/>\n<meta property=\"og:description\" content=\"Fabricante y proveedor de Premezcla de Vitamina K1 (fitomenadiona) liposoluble. Ideal para la industria alimentaria, farmac\u00e9utica y cosm\u00e9tica.\" \/>\n<meta property=\"og:url\" content=\"https:\/\/kemtia.com\/es\/product\/vitamina-k1-fitomenadiona-liposoluble\/\" \/>\n<meta property=\"og:site_name\" content=\"Functional Foods Development &amp; Manufacturing | Kemtia\" \/>\n<meta property=\"article:modified_time\" content=\"2026-03-04T10:58:07+00:00\" \/>\n<meta property=\"og:image\" content=\"https:\/\/kemtia.com\/wp-content\/uploads\/2024\/12\/Vitamina-K1-Fitomenadiona-Liposoluble.png\" \/>\n\t<meta property=\"og:image:width\" content=\"1080\" \/>\n\t<meta property=\"og:image:height\" content=\"1080\" \/>\n\t<meta property=\"og:image:type\" content=\"image\/png\" \/>\n<meta name=\"twitter:card\" content=\"summary_large_image\" \/>\n<meta name=\"twitter:label1\" content=\"Tiempo de lectura\" \/>\n\t<meta name=\"twitter:data1\" content=\"1 minuto\" \/>\n<script type=\"application\/ld+json\" class=\"yoast-schema-graph\">{\"@context\":\"https:\/\/schema.org\",\"@graph\":[{\"@type\":\"WebPage\",\"@id\":\"https:\/\/kemtia.com\/es\/product\/vitamina-k1-fitomenadiona-liposoluble\/\",\"url\":\"https:\/\/kemtia.com\/es\/product\/vitamina-k1-fitomenadiona-liposoluble\/\",\"name\":\"Premezcla de Vitamina K1 (fitomenadiona) liposoluble - Functional Foods Development &amp; Manufacturing | Kemtia\",\"isPartOf\":{\"@id\":\"https:\/\/kemtia.com\/#website\"},\"primaryImageOfPage\":{\"@id\":\"https:\/\/kemtia.com\/es\/product\/vitamina-k1-fitomenadiona-liposoluble\/#primaryimage\"},\"image\":{\"@id\":\"https:\/\/kemtia.com\/es\/product\/vitamina-k1-fitomenadiona-liposoluble\/#primaryimage\"},\"thumbnailUrl\":\"https:\/\/kemtia.com\/wp-content\/uploads\/2024\/12\/Vitamina-K1-Fitomenadiona-Liposoluble.png\",\"datePublished\":\"2024-12-16T08:40:47+00:00\",\"dateModified\":\"2026-03-04T10:58:07+00:00\",\"description\":\"Fabricante y proveedor de Premezcla de Vitamina K1 (fitomenadiona) liposoluble. Ideal para la industria alimentaria, farmac\u00e9utica y cosm\u00e9tica.\",\"breadcrumb\":{\"@id\":\"https:\/\/kemtia.com\/es\/product\/vitamina-k1-fitomenadiona-liposoluble\/#breadcrumb\"},\"inLanguage\":\"es\",\"potentialAction\":[{\"@type\":\"ReadAction\",\"target\":[\"https:\/\/kemtia.com\/es\/product\/vitamina-k1-fitomenadiona-liposoluble\/\"]}]},{\"@type\":\"ImageObject\",\"inLanguage\":\"es\",\"@id\":\"https:\/\/kemtia.com\/es\/product\/vitamina-k1-fitomenadiona-liposoluble\/#primaryimage\",\"url\":\"https:\/\/kemtia.com\/wp-content\/uploads\/2024\/12\/Vitamina-K1-Fitomenadiona-Liposoluble.png\",\"contentUrl\":\"https:\/\/kemtia.com\/wp-content\/uploads\/2024\/12\/Vitamina-K1-Fitomenadiona-Liposoluble.png\",\"width\":1080,\"height\":1080,\"caption\":\"manufacturers of Vitamin K1\"},{\"@type\":\"BreadcrumbList\",\"@id\":\"https:\/\/kemtia.com\/es\/product\/vitamina-k1-fitomenadiona-liposoluble\/#breadcrumb\",\"itemListElement\":[{\"@type\":\"ListItem\",\"position\":1,\"name\":\"Home\",\"item\":\"https:\/\/kemtia.com\/es\/inicio\/\"},{\"@type\":\"ListItem\",\"position\":2,\"name\":\"Shop\",\"item\":\"https:\/\/kemtia.com\/shop\/\"},{\"@type\":\"ListItem\",\"position\":3,\"name\":\"Premezcla de Vitamina K1 (fitomenadiona) liposoluble\"}]},{\"@type\":\"WebSite\",\"@id\":\"https:\/\/kemtia.com\/#website\",\"url\":\"https:\/\/kemtia.com\/\",\"name\":\"Functional Foods Development &amp; Manufacturing | Kemtia\",\"description\":\"\",\"potentialAction\":[{\"@type\":\"SearchAction\",\"target\":{\"@type\":\"EntryPoint\",\"urlTemplate\":\"https:\/\/kemtia.com\/?s={search_term_string}\"},\"query-input\":{\"@type\":\"PropertyValueSpecification\",\"valueRequired\":true,\"valueName\":\"search_term_string\"}}],\"inLanguage\":\"es\"}]}<\/script>\n<!-- \/ Yoast SEO plugin. -->","yoast_head_json":{"title":"Premezcla de Vitamina K1 (fitomenadiona) liposoluble - Functional Foods Development &amp; Manufacturing | Kemtia","description":"Fabricante y proveedor de Premezcla de Vitamina K1 (fitomenadiona) liposoluble. Ideal para la industria alimentaria, farmac\u00e9utica y cosm\u00e9tica.","robots":{"index":"index","follow":"follow","max-snippet":"max-snippet:-1","max-image-preview":"max-image-preview:large","max-video-preview":"max-video-preview:-1"},"canonical":"https:\/\/kemtia.com\/es\/product\/vitamina-k1-fitomenadiona-liposoluble\/","og_locale":"es_ES","og_type":"article","og_title":"Premezcla de Vitamina K1 (fitomenadiona) liposoluble - Functional Foods Development &amp; Manufacturing | Kemtia","og_description":"Fabricante y proveedor de Premezcla de Vitamina K1 (fitomenadiona) liposoluble. Ideal para la industria alimentaria, farmac\u00e9utica y cosm\u00e9tica.","og_url":"https:\/\/kemtia.com\/es\/product\/vitamina-k1-fitomenadiona-liposoluble\/","og_site_name":"Functional Foods Development &amp; Manufacturing | Kemtia","article_modified_time":"2026-03-04T10:58:07+00:00","og_image":[{"width":1080,"height":1080,"url":"https:\/\/kemtia.com\/wp-content\/uploads\/2024\/12\/Vitamina-K1-Fitomenadiona-Liposoluble.png","type":"image\/png"}],"twitter_card":"summary_large_image","twitter_misc":{"Tiempo de lectura":"1 minuto"},"schema":{"@context":"https:\/\/schema.org","@graph":[{"@type":"WebPage","@id":"https:\/\/kemtia.com\/es\/product\/vitamina-k1-fitomenadiona-liposoluble\/","url":"https:\/\/kemtia.com\/es\/product\/vitamina-k1-fitomenadiona-liposoluble\/","name":"Premezcla de Vitamina K1 (fitomenadiona) liposoluble - Functional Foods Development &amp; Manufacturing | Kemtia","isPartOf":{"@id":"https:\/\/kemtia.com\/#website"},"primaryImageOfPage":{"@id":"https:\/\/kemtia.com\/es\/product\/vitamina-k1-fitomenadiona-liposoluble\/#primaryimage"},"image":{"@id":"https:\/\/kemtia.com\/es\/product\/vitamina-k1-fitomenadiona-liposoluble\/#primaryimage"},"thumbnailUrl":"https:\/\/kemtia.com\/wp-content\/uploads\/2024\/12\/Vitamina-K1-Fitomenadiona-Liposoluble.png","datePublished":"2024-12-16T08:40:47+00:00","dateModified":"2026-03-04T10:58:07+00:00","description":"Fabricante y proveedor de Premezcla de Vitamina K1 (fitomenadiona) liposoluble. Ideal para la industria alimentaria, farmac\u00e9utica y cosm\u00e9tica.","breadcrumb":{"@id":"https:\/\/kemtia.com\/es\/product\/vitamina-k1-fitomenadiona-liposoluble\/#breadcrumb"},"inLanguage":"es","potentialAction":[{"@type":"ReadAction","target":["https:\/\/kemtia.com\/es\/product\/vitamina-k1-fitomenadiona-liposoluble\/"]}]},{"@type":"ImageObject","inLanguage":"es","@id":"https:\/\/kemtia.com\/es\/product\/vitamina-k1-fitomenadiona-liposoluble\/#primaryimage","url":"https:\/\/kemtia.com\/wp-content\/uploads\/2024\/12\/Vitamina-K1-Fitomenadiona-Liposoluble.png","contentUrl":"https:\/\/kemtia.com\/wp-content\/uploads\/2024\/12\/Vitamina-K1-Fitomenadiona-Liposoluble.png","width":1080,"height":1080,"caption":"manufacturers of Vitamin K1"},{"@type":"BreadcrumbList","@id":"https:\/\/kemtia.com\/es\/product\/vitamina-k1-fitomenadiona-liposoluble\/#breadcrumb","itemListElement":[{"@type":"ListItem","position":1,"name":"Home","item":"https:\/\/kemtia.com\/es\/inicio\/"},{"@type":"ListItem","position":2,"name":"Shop","item":"https:\/\/kemtia.com\/shop\/"},{"@type":"ListItem","position":3,"name":"Premezcla de Vitamina K1 (fitomenadiona) liposoluble"}]},{"@type":"WebSite","@id":"https:\/\/kemtia.com\/#website","url":"https:\/\/kemtia.com\/","name":"Functional Foods Development &amp; Manufacturing | Kemtia","description":"","potentialAction":[{"@type":"SearchAction","target":{"@type":"EntryPoint","urlTemplate":"https:\/\/kemtia.com\/?s={search_term_string}"},"query-input":{"@type":"PropertyValueSpecification","valueRequired":true,"valueName":"search_term_string"}}],"inLanguage":"es"}]}},"_links":{"self":[{"href":"https:\/\/kemtia.com\/es\/wp-json\/wp\/v2\/product\/2559","targetHints":{"allow":["GET"]}}],"collection":[{"href":"https:\/\/kemtia.com\/es\/wp-json\/wp\/v2\/product"}],"about":[{"href":"https:\/\/kemtia.com\/es\/wp-json\/wp\/v2\/types\/product"}],"replies":[{"embeddable":true,"href":"https:\/\/kemtia.com\/es\/wp-json\/wp\/v2\/comments?post=2559"}],"wp:featuredmedia":[{"embeddable":true,"href":"https:\/\/kemtia.com\/es\/wp-json\/wp\/v2\/media\/1613"}],"wp:attachment":[{"href":"https:\/\/kemtia.com\/es\/wp-json\/wp\/v2\/media?parent=2559"}],"wp:term":[{"taxonomy":"product_cat","embeddable":true,"href":"https:\/\/kemtia.com\/es\/wp-json\/wp\/v2\/product_cat?post=2559"},{"taxonomy":"product_tag","embeddable":true,"href":"https:\/\/kemtia.com\/es\/wp-json\/wp\/v2\/product_tag?post=2559"}],"curies":[{"name":"wp","href":"https:\/\/api.w.org\/{rel}","templated":true}]}}