{"id":2592,"date":"2024-12-13T12:05:02","date_gmt":"2024-12-13T11:05:02","guid":{"rendered":"https:\/\/kemtia.com\/product\/vitamina-a-retinol-liposoluble\/"},"modified":"2026-03-04T11:58:19","modified_gmt":"2026-03-04T10:58:19","slug":"vitamina-a-retinol-liposoluble","status":"publish","type":"product","link":"https:\/\/kemtia.com\/es\/product\/vitamina-a-retinol-liposoluble\/","title":{"rendered":"Premezcla de Vitamina A (Retinol) Liposoluble"},"content":{"rendered":"<p><span style=\"color: #000000;\"><span style=\"font-weight: 400;\">Como <b>fabricantes y distribuidores de premezclas de vitamina A <\/b>de alta calidad, comprendemos la importancia crucial de este compuesto liposoluble para la salud general. Com\u00fanmente conocido como retinol, la vitamina A es esencial para el metabolismo celular y el mantenimiento de los tejidos epiteliales.<br \/>\nNuestra premezcla de vitamina A desempe\u00f1a un papel fundamental en la diferenciaci\u00f3n y el mantenimiento de los tejidos epiteliales, as\u00ed como en la formaci\u00f3n de pigmentos visuales en la retina. Estos pigmentos son cruciales para garantizar una visi\u00f3n \u00f3ptima, especialmente en condiciones de poca luz. Adem\u00e1s, la vitamina A contribuye significativamente a la regulaci\u00f3n del sistema inmunitario y participa en la s\u00edntesis de col\u00e1geno, promoviendo la salud de la piel y el tejido conectivo.<br \/>\n<\/span><\/span><\/p>\n<p><span style=\"color: #000000;\"><span style=\"font-weight: 400;\">Como <\/span><b>distribuidores y fabricantes de premezclas de Retinol<\/b><span style=\"font-weight: 400;\">, garantizamos que nuestros productos cumplan con los m\u00e1s altos est\u00e1ndares de calidad, satisfaciendo las necesidades de las industrias de la salud, farmac\u00e9utica y nutricional. Adem\u00e1s, las propiedades antioxidantes de la vitamina A protegen las c\u00e9lulas del da\u00f1o externo, mejorando la regeneraci\u00f3n celular y el bienestar general.<\/span><\/span><\/p>\n<h3 style=\"color: #000000; font-family: Georgia, Palatino;\"><span style=\"font-weight: 400;\">Fabricante de <\/span><\/h3>\n<p><span style=\"color: #000000; font-family: Georgia, Palatino;\"><span style=\"font-weight: 400;\">En Kemtia, nos enorgullecemos de ser l\u00edderes en la fabricaci\u00f3n de Vitamina A (Retinol) Liposoluble. Nuestro producto destaca por su calidad y eficacia superiores, cumpliendo con los m\u00e1s estrictos est\u00e1ndares internacionales. Si le interesa adquirir Vitamina A (Retinol) Liposoluble o necesita m\u00e1s informaci\u00f3n, no dude en contactarnos. Nuestro equipo de expertos est\u00e1 listo para brindarle informaci\u00f3n detallada del producto y asistencia para satisfacer sus necesidades espec\u00edficas.<\/span><\/span><\/p>\n<h3 style=\"color: #000000; font-family: Georgia, Palatino;\"><span style=\"font-weight: 400;\">Proveedor de <\/span><\/h3>\n<p><span style=\"color: #000000; font-family: Georgia, Palatino;\"><span style=\"font-weight: 400;\">Como proveedores de , Kemtia ofrece soluciones integrales para empresas que requieren grandes cantidades de este nutriente esencial. Nuestra capacidad de distribuci\u00f3n mayorista nos permite satisfacer la demanda de clientes de diversos sectores, como la industria farmac\u00e9utica, alimentaria y cosm\u00e9tica. Si le interesa saber m\u00e1s sobre nuestros servicios de distribuci\u00f3n y las ventajas de adquirir , cont\u00e1ctenos. Nos dedicamos a brindar un servicio excepcional y productos de la m\u00e1s alta calidad a todos nuestros clientes.<\/span><\/span><\/p>\n","protected":false},"excerpt":{"rendered":"<p>Como fabricantes y distribuidores de premezclas de vitamina A de alta calidad, comprendemos la importancia crucial de este compuesto liposoluble para la salud general. Com\u00fanmente conocido como retinol, la vitamina A es esencial para el metabolismo celular y el mantenimiento de los tejidos epiteliales. Nuestra premezcla de vitamina A desempe\u00f1a un papel fundamental en la [&hellip;]<\/p>\n","protected":false},"featured_media":1527,"comment_status":"open","ping_status":"closed","template":"","meta":{"_acf_changed":false},"product_cat":[38],"product_tag":[],"class_list":{"0":"post-2592","1":"product","2":"type-product","3":"status-publish","4":"has-post-thumbnail","6":"product_cat-liposolubles-es","8":"first","9":"instock","10":"shipping-taxable","11":"product-type-simple"},"acf":[],"yoast_head":"<!-- This site is optimized with the Yoast SEO plugin v26.9 - https:\/\/yoast.com\/product\/yoast-seo-wordpress\/ -->\n<title>Premezcla de Vitamina A (Retinol) Liposoluble - Functional Foods Development &amp; Manufacturing | Kemtia<\/title>\n<meta name=\"description\" content=\"Fabricante y proveedor de Premezcla de Vitamina A (Retinol) Liposoluble. Ideal para la industria alimentaria, farmac\u00e9utica y cosm\u00e9tica.\" \/>\n<meta name=\"robots\" content=\"index, follow, max-snippet:-1, max-image-preview:large, max-video-preview:-1\" \/>\n<link rel=\"canonical\" href=\"https:\/\/kemtia.com\/es\/product\/vitamina-a-retinol-liposoluble\/\" \/>\n<meta property=\"og:locale\" content=\"es_ES\" \/>\n<meta property=\"og:type\" content=\"article\" \/>\n<meta property=\"og:title\" content=\"Premezcla de Vitamina A (Retinol) Liposoluble - Functional Foods Development &amp; Manufacturing | Kemtia\" \/>\n<meta property=\"og:description\" content=\"Fabricante y proveedor de Premezcla de Vitamina A (Retinol) Liposoluble. Ideal para la industria alimentaria, farmac\u00e9utica y cosm\u00e9tica.\" \/>\n<meta property=\"og:url\" content=\"https:\/\/kemtia.com\/es\/product\/vitamina-a-retinol-liposoluble\/\" \/>\n<meta property=\"og:site_name\" content=\"Functional Foods Development &amp; Manufacturing | Kemtia\" \/>\n<meta property=\"article:modified_time\" content=\"2026-03-04T10:58:19+00:00\" \/>\n<meta property=\"og:image\" content=\"https:\/\/kemtia.com\/wp-content\/uploads\/2024\/12\/Vitamina-A-Retinol-Liposoluble.png\" \/>\n\t<meta property=\"og:image:width\" content=\"1080\" \/>\n\t<meta property=\"og:image:height\" content=\"1080\" \/>\n\t<meta property=\"og:image:type\" content=\"image\/png\" \/>\n<meta name=\"twitter:card\" content=\"summary_large_image\" \/>\n<script type=\"application\/ld+json\" class=\"yoast-schema-graph\">{\"@context\":\"https:\/\/schema.org\",\"@graph\":[{\"@type\":\"WebPage\",\"@id\":\"https:\/\/kemtia.com\/es\/product\/vitamina-a-retinol-liposoluble\/\",\"url\":\"https:\/\/kemtia.com\/es\/product\/vitamina-a-retinol-liposoluble\/\",\"name\":\"Premezcla de Vitamina A (Retinol) Liposoluble - Functional Foods Development &amp; Manufacturing | Kemtia\",\"isPartOf\":{\"@id\":\"https:\/\/kemtia.com\/#website\"},\"primaryImageOfPage\":{\"@id\":\"https:\/\/kemtia.com\/es\/product\/vitamina-a-retinol-liposoluble\/#primaryimage\"},\"image\":{\"@id\":\"https:\/\/kemtia.com\/es\/product\/vitamina-a-retinol-liposoluble\/#primaryimage\"},\"thumbnailUrl\":\"https:\/\/kemtia.com\/wp-content\/uploads\/2024\/12\/Vitamina-A-Retinol-Liposoluble.png\",\"datePublished\":\"2024-12-13T11:05:02+00:00\",\"dateModified\":\"2026-03-04T10:58:19+00:00\",\"description\":\"Fabricante y proveedor de Premezcla de Vitamina A (Retinol) Liposoluble. Ideal para la industria alimentaria, farmac\u00e9utica y cosm\u00e9tica.\",\"breadcrumb\":{\"@id\":\"https:\/\/kemtia.com\/es\/product\/vitamina-a-retinol-liposoluble\/#breadcrumb\"},\"inLanguage\":\"es\",\"potentialAction\":[{\"@type\":\"ReadAction\",\"target\":[\"https:\/\/kemtia.com\/es\/product\/vitamina-a-retinol-liposoluble\/\"]}]},{\"@type\":\"ImageObject\",\"inLanguage\":\"es\",\"@id\":\"https:\/\/kemtia.com\/es\/product\/vitamina-a-retinol-liposoluble\/#primaryimage\",\"url\":\"https:\/\/kemtia.com\/wp-content\/uploads\/2024\/12\/Vitamina-A-Retinol-Liposoluble.png\",\"contentUrl\":\"https:\/\/kemtia.com\/wp-content\/uploads\/2024\/12\/Vitamina-A-Retinol-Liposoluble.png\",\"width\":1080,\"height\":1080,\"caption\":\"manufacturers of Vitamin A\"},{\"@type\":\"BreadcrumbList\",\"@id\":\"https:\/\/kemtia.com\/es\/product\/vitamina-a-retinol-liposoluble\/#breadcrumb\",\"itemListElement\":[{\"@type\":\"ListItem\",\"position\":1,\"name\":\"Home\",\"item\":\"https:\/\/kemtia.com\/es\/inicio\/\"},{\"@type\":\"ListItem\",\"position\":2,\"name\":\"Shop\",\"item\":\"https:\/\/kemtia.com\/shop\/\"},{\"@type\":\"ListItem\",\"position\":3,\"name\":\"Premezcla de Vitamina A (Retinol) Liposoluble\"}]},{\"@type\":\"WebSite\",\"@id\":\"https:\/\/kemtia.com\/#website\",\"url\":\"https:\/\/kemtia.com\/\",\"name\":\"Functional Foods Development &amp; Manufacturing | Kemtia\",\"description\":\"\",\"potentialAction\":[{\"@type\":\"SearchAction\",\"target\":{\"@type\":\"EntryPoint\",\"urlTemplate\":\"https:\/\/kemtia.com\/?s={search_term_string}\"},\"query-input\":{\"@type\":\"PropertyValueSpecification\",\"valueRequired\":true,\"valueName\":\"search_term_string\"}}],\"inLanguage\":\"es\"}]}<\/script>\n<!-- \/ Yoast SEO plugin. -->","yoast_head_json":{"title":"Premezcla de Vitamina A (Retinol) Liposoluble - Functional Foods Development &amp; Manufacturing | Kemtia","description":"Fabricante y proveedor de Premezcla de Vitamina A (Retinol) Liposoluble. Ideal para la industria alimentaria, farmac\u00e9utica y cosm\u00e9tica.","robots":{"index":"index","follow":"follow","max-snippet":"max-snippet:-1","max-image-preview":"max-image-preview:large","max-video-preview":"max-video-preview:-1"},"canonical":"https:\/\/kemtia.com\/es\/product\/vitamina-a-retinol-liposoluble\/","og_locale":"es_ES","og_type":"article","og_title":"Premezcla de Vitamina A (Retinol) Liposoluble - Functional Foods Development &amp; Manufacturing | Kemtia","og_description":"Fabricante y proveedor de Premezcla de Vitamina A (Retinol) Liposoluble. Ideal para la industria alimentaria, farmac\u00e9utica y cosm\u00e9tica.","og_url":"https:\/\/kemtia.com\/es\/product\/vitamina-a-retinol-liposoluble\/","og_site_name":"Functional Foods Development &amp; Manufacturing | Kemtia","article_modified_time":"2026-03-04T10:58:19+00:00","og_image":[{"width":1080,"height":1080,"url":"https:\/\/kemtia.com\/wp-content\/uploads\/2024\/12\/Vitamina-A-Retinol-Liposoluble.png","type":"image\/png"}],"twitter_card":"summary_large_image","schema":{"@context":"https:\/\/schema.org","@graph":[{"@type":"WebPage","@id":"https:\/\/kemtia.com\/es\/product\/vitamina-a-retinol-liposoluble\/","url":"https:\/\/kemtia.com\/es\/product\/vitamina-a-retinol-liposoluble\/","name":"Premezcla de Vitamina A (Retinol) Liposoluble - Functional Foods Development &amp; Manufacturing | Kemtia","isPartOf":{"@id":"https:\/\/kemtia.com\/#website"},"primaryImageOfPage":{"@id":"https:\/\/kemtia.com\/es\/product\/vitamina-a-retinol-liposoluble\/#primaryimage"},"image":{"@id":"https:\/\/kemtia.com\/es\/product\/vitamina-a-retinol-liposoluble\/#primaryimage"},"thumbnailUrl":"https:\/\/kemtia.com\/wp-content\/uploads\/2024\/12\/Vitamina-A-Retinol-Liposoluble.png","datePublished":"2024-12-13T11:05:02+00:00","dateModified":"2026-03-04T10:58:19+00:00","description":"Fabricante y proveedor de Premezcla de Vitamina A (Retinol) Liposoluble. Ideal para la industria alimentaria, farmac\u00e9utica y cosm\u00e9tica.","breadcrumb":{"@id":"https:\/\/kemtia.com\/es\/product\/vitamina-a-retinol-liposoluble\/#breadcrumb"},"inLanguage":"es","potentialAction":[{"@type":"ReadAction","target":["https:\/\/kemtia.com\/es\/product\/vitamina-a-retinol-liposoluble\/"]}]},{"@type":"ImageObject","inLanguage":"es","@id":"https:\/\/kemtia.com\/es\/product\/vitamina-a-retinol-liposoluble\/#primaryimage","url":"https:\/\/kemtia.com\/wp-content\/uploads\/2024\/12\/Vitamina-A-Retinol-Liposoluble.png","contentUrl":"https:\/\/kemtia.com\/wp-content\/uploads\/2024\/12\/Vitamina-A-Retinol-Liposoluble.png","width":1080,"height":1080,"caption":"manufacturers of Vitamin A"},{"@type":"BreadcrumbList","@id":"https:\/\/kemtia.com\/es\/product\/vitamina-a-retinol-liposoluble\/#breadcrumb","itemListElement":[{"@type":"ListItem","position":1,"name":"Home","item":"https:\/\/kemtia.com\/es\/inicio\/"},{"@type":"ListItem","position":2,"name":"Shop","item":"https:\/\/kemtia.com\/shop\/"},{"@type":"ListItem","position":3,"name":"Premezcla de Vitamina A (Retinol) Liposoluble"}]},{"@type":"WebSite","@id":"https:\/\/kemtia.com\/#website","url":"https:\/\/kemtia.com\/","name":"Functional Foods Development &amp; Manufacturing | Kemtia","description":"","potentialAction":[{"@type":"SearchAction","target":{"@type":"EntryPoint","urlTemplate":"https:\/\/kemtia.com\/?s={search_term_string}"},"query-input":{"@type":"PropertyValueSpecification","valueRequired":true,"valueName":"search_term_string"}}],"inLanguage":"es"}]}},"_links":{"self":[{"href":"https:\/\/kemtia.com\/es\/wp-json\/wp\/v2\/product\/2592","targetHints":{"allow":["GET"]}}],"collection":[{"href":"https:\/\/kemtia.com\/es\/wp-json\/wp\/v2\/product"}],"about":[{"href":"https:\/\/kemtia.com\/es\/wp-json\/wp\/v2\/types\/product"}],"replies":[{"embeddable":true,"href":"https:\/\/kemtia.com\/es\/wp-json\/wp\/v2\/comments?post=2592"}],"wp:featuredmedia":[{"embeddable":true,"href":"https:\/\/kemtia.com\/es\/wp-json\/wp\/v2\/media\/1527"}],"wp:attachment":[{"href":"https:\/\/kemtia.com\/es\/wp-json\/wp\/v2\/media?parent=2592"}],"wp:term":[{"taxonomy":"product_cat","embeddable":true,"href":"https:\/\/kemtia.com\/es\/wp-json\/wp\/v2\/product_cat?post=2592"},{"taxonomy":"product_tag","embeddable":true,"href":"https:\/\/kemtia.com\/es\/wp-json\/wp\/v2\/product_tag?post=2592"}],"curies":[{"name":"wp","href":"https:\/\/api.w.org\/{rel}","templated":true}]}}